{"id":1610,"date":"2016-09-01T14:12:24","date_gmt":"2016-09-01T17:12:24","guid":{"rendered":"https:\/\/waxgreen.interasys.com.br\/br\/?page_id=1610"},"modified":"2016-09-01T14:12:24","modified_gmt":"2016-09-01T17:12:24","slug":"mel-de-cipo-uva","status":"publish","type":"page","link":"https:\/\/waxgreen.com.br\/br\/mel-linha-premium\/mel-de-cipo-uva\/","title":{"rendered":"Mel Flores de Cip\u00f3 Uva"},"content":{"rendered":"<p><img loading=\"lazy\" decoding=\"async\" class=\"alignnone size-full wp-image-1598\" alt=\"no32_comp_sml\" src=\"http:\/\/192.168.0.31\/wordpress\/wp-content\/uploads\/2016\/09\/no32_comp_sml-1.jpg\" width=\"360\" height=\"360\" \/><\/p>\n<p>O cip\u00f3-uva (Serjania lethalis) quando floresce exala um aroma de uva rosada. O mel de cip\u00f3-uva tem colora\u00e7\u00e3o \u00e2mbar clara e sabor agrad\u00e1vel. O cip\u00f3-uva \u00e9 conhecido por suas propriedades medicinais, exaltado como um b\u00e1lsamo para c\u00f3licas intestinais e dores renais. A raiz, folhas e caule desta planta s\u00e3o indicados para uso t\u00f3pico e para tratamento de dores. Acredita-se ser um desintoxicante natural para o f\u00edgado e por agir no controle da glicemia no sangue. Embora as caracter\u00edsticas farmacol\u00f3gicas e de cultivo do cip\u00f3-uva tenham sido extensamente pesquisadas cientificamente, suas virtudes terap\u00eauticas ainda n\u00e3o foram analisadas em laborat\u00f3rio. No entanto este mel tem sido usado e apreciado na medicina popular por muitas d\u00e9cadas.<\/p>\n","protected":false},"excerpt":{"rendered":"<p>O cip\u00f3-uva (Serjania lethalis) quando floresce exala um aroma de uva rosada. O mel de cip\u00f3-uva tem colora\u00e7\u00e3o \u00e2mbar clara e sabor agrad\u00e1vel. O cip\u00f3-uva \u00e9 conhecido por suas propriedades medicinais, exaltado como um b\u00e1lsamo para c\u00f3licas intestinais e dores renais. A raiz, folhas e caule desta planta s\u00e3o indicados para uso t\u00f3pico e paraContinue reading &rarr;<\/p>\n","protected":false},"author":2,"featured_media":0,"parent":1617,"menu_order":0,"comment_status":"closed","ping_status":"closed","template":"","meta":{"footnotes":""},"class_list":["post-1610","page","type-page","status-publish","hentry","no-thumb"],"_links":{"self":[{"href":"https:\/\/waxgreen.com.br\/br\/wp-json\/wp\/v2\/pages\/1610","targetHints":{"allow":["GET"]}}],"collection":[{"href":"https:\/\/waxgreen.com.br\/br\/wp-json\/wp\/v2\/pages"}],"about":[{"href":"https:\/\/waxgreen.com.br\/br\/wp-json\/wp\/v2\/types\/page"}],"author":[{"embeddable":true,"href":"https:\/\/waxgreen.com.br\/br\/wp-json\/wp\/v2\/users\/2"}],"replies":[{"embeddable":true,"href":"https:\/\/waxgreen.com.br\/br\/wp-json\/wp\/v2\/comments?post=1610"}],"version-history":[{"count":0,"href":"https:\/\/waxgreen.com.br\/br\/wp-json\/wp\/v2\/pages\/1610\/revisions"}],"up":[{"embeddable":true,"href":"https:\/\/waxgreen.com.br\/br\/wp-json\/wp\/v2\/pages\/1617"}],"wp:attachment":[{"href":"https:\/\/waxgreen.com.br\/br\/wp-json\/wp\/v2\/media?parent=1610"}],"curies":[{"name":"wp","href":"https:\/\/api.w.org\/{rel}","templated":true}]}}