{"id":20,"date":"2011-10-09T21:06:59","date_gmt":"2011-10-09T21:06:59","guid":{"rendered":"http:\/\/propolis.com.br\/wordpress\/?page_id=20"},"modified":"2011-10-09T21:06:59","modified_gmt":"2011-10-09T21:06:59","slug":"propolis","status":"publish","type":"page","link":"https:\/\/waxgreen.com.br\/br\/propolis\/","title":{"rendered":"Pr\u00f3polis"},"content":{"rendered":"<p>A Pr\u00f3polis \u00e9 o antibi\u00f3tico mais natural que o homem j\u00e1 descobriu. Gregos e Romanos a usavam para curar les\u00f5es da pele, e os Eg\u00edpcios a usavam no processo de mumifica\u00e7\u00e3o. Hoje ela \u00e9 reconhecida pela OMS \u2013 Organiza\u00e7\u00e3o Mundial da Sa\u00fade como um importante produto para a cura natural.<\/p>\n<p>A Pr\u00f3polis \u00e9 uma resina que as abelhas coletam em casca de \u00e1rvores, brotos de vegetais e outras partes do tecido vegetal. As abelhas transportam estas subst\u00e2ncias para a colm\u00e9ia, misturam com secre\u00e7\u00f5es salivares, cera (\u00e1cidos graxos) ficando a composi\u00e7\u00e3o qu\u00edmica distribu\u00edda da seguinte maneira: 55% de resinas vegetais, 30% de cera, 10% de \u00f3leos essenciais e 5% de p\u00f3len. O produto final \u00e9 uma resina verde, pegajosa que as abelhas usam para isolar e proteger a colm\u00e9ia assegurando um ambiente est\u00e9ril. Assim como o Mel, a Pr\u00f3polis pode apresentar pequenas diferen\u00e7as na cor de acordo com a flora de onde ela \u00e9 oriunda.<\/p>\n<p>Estudos cient\u00edficos desenvolvidos nos Estados Unidos, Europa, Jap\u00e3o e Brasil, t\u00eam confirmado as propriedades antiinflamat\u00f3rias, antimicrobiana, antioxidante, anticancer\u00edgena, hipotensiva, cicatrizante. J\u00e1 foram identificadas mais de 150 subst\u00e2ncias ativas na composi\u00e7\u00e3o qu\u00edmica da Pr\u00f3polis, dentre as quais uma grande quantidade de vitaminas, minerais e enzimas. Mas a maior virtude \u00e9 a combina\u00e7\u00e3o \u00fanica de bioflavonoides que a Pr\u00f3polis contem em quantidade exponencial. Flavon\u00f3ides constituem um grupo de componentes org\u00e2nicos cuja fun\u00e7\u00e3o \u00e9 proteger e defender as c\u00e9lulas do nosso corpo.<\/p>\n<p><strong><em>PR\u00d3POLIS WAX GREEN<\/em><\/strong><strong><em> \u2013 <\/em><\/strong>Os Extratos de Pr\u00f3polis <strong><em>Wax Green<\/em><\/strong><strong> <\/strong>s\u00e3o elaborados com pr\u00f3polis provenientes do interior do estado de S\u00e3o Paulo e da regi\u00e3o sul do estado de Minas Gerais. Em an\u00e1lises elaboradas pela Universidade Estadual Paulista (UNESP) de Rio Claro, a pr\u00f3polis <strong><em>Wax Green<\/em><\/strong><em> <\/em>apresentou alto teor de Flavon\u00f3ides, superior aos dos melhores fabricantes do Brasil.<\/p>\n<p>Res\u00edduo M\u00ednimo: \u00c9 a quantidade m\u00ednima de material s\u00f3lido no produto ap\u00f3s evapora\u00e7\u00e3o do \u00e1lcool, determinado pelo Minist\u00e9rio da Sa\u00fade do Brasil. Nas Pr\u00f3polis <strong><em>Wax Green<\/em><\/strong><em> <\/em>o teor do res\u00edduo m\u00ednimo ser\u00e1 sempre maior que o indicado na embalagem do produto.<\/p>\n<p>Efeitos Colaterais: Embora seja raro, o uso interno ou externo de pr\u00f3polis pode provocar rea\u00e7\u00f5es al\u00e9rgicas que se manifestam com o aparecimento de eritemas e p\u00e1pulas avermelhadas. Nesse caso, SUSPENDA O USO IMEDIATAMENTE. N\u00e3o desaparecendo os sintomas, procure orienta\u00e7\u00e3o de um m\u00e9dico.<\/p>\n<p><strong>N\u00c3O ABANDONE o tratamento convencional nem a medica\u00e7\u00e3o prescrita por seu m\u00e9dico durante o uso da pr\u00f3polis.<\/strong><\/p>\n","protected":false},"excerpt":{"rendered":"<p>A Pr\u00f3polis \u00e9 o antibi\u00f3tico mais natural que o homem j\u00e1 descobriu. Gregos e Romanos a usavam para curar les\u00f5es da pele, e os Eg\u00edpcios a usavam no processo de mumifica\u00e7\u00e3o. Hoje ela \u00e9 reconhecida pela OMS \u2013 Organiza\u00e7\u00e3o Mundial da Sa\u00fade como um importante produto para a cura natural. A Pr\u00f3polis \u00e9 uma resinaContinue reading &rarr;<\/p>\n","protected":false},"author":2,"featured_media":0,"parent":0,"menu_order":0,"comment_status":"closed","ping_status":"closed","template":"grid.php","meta":{"footnotes":""},"class_list":["post-20","page","type-page","status-publish","hentry","no-thumb"],"_links":{"self":[{"href":"https:\/\/waxgreen.com.br\/br\/wp-json\/wp\/v2\/pages\/20","targetHints":{"allow":["GET"]}}],"collection":[{"href":"https:\/\/waxgreen.com.br\/br\/wp-json\/wp\/v2\/pages"}],"about":[{"href":"https:\/\/waxgreen.com.br\/br\/wp-json\/wp\/v2\/types\/page"}],"author":[{"embeddable":true,"href":"https:\/\/waxgreen.com.br\/br\/wp-json\/wp\/v2\/users\/2"}],"replies":[{"embeddable":true,"href":"https:\/\/waxgreen.com.br\/br\/wp-json\/wp\/v2\/comments?post=20"}],"version-history":[{"count":0,"href":"https:\/\/waxgreen.com.br\/br\/wp-json\/wp\/v2\/pages\/20\/revisions"}],"wp:attachment":[{"href":"https:\/\/waxgreen.com.br\/br\/wp-json\/wp\/v2\/media?parent=20"}],"curies":[{"name":"wp","href":"https:\/\/api.w.org\/{rel}","templated":true}]}}