{"id":2212,"date":"2020-11-13T20:25:44","date_gmt":"2020-11-13T20:25:44","guid":{"rendered":"http:\/\/192.168.0.31\/wordpress\/?page_id=2212"},"modified":"2025-06-12T17:35:58","modified_gmt":"2025-06-12T17:35:58","slug":"wax-green","status":"publish","type":"page","link":"https:\/\/waxgreen.com.br\/br\/","title":{"rendered":"Wax Green"},"content":{"rendered":"<div id=\"pl-gb2212-69f9d8f6011fa\"  class=\"panel-layout wp-block-siteorigin-panels-layout-block\" ><div id=\"pg-gb2212-69f9d8f6011fa-0\"  class=\"panel-grid panel-has-style\" ><div class=\"siteorigin-panels-stretch panel-row-style panel-row-style-for-gb2212-69f9d8f6011fa-0\" data-stretch-type=\"full-width-stretch\" ><div id=\"pgc-gb2212-69f9d8f6011fa-0-0\"  class=\"panel-grid-cell\" ><div class=\"panel-cell-style panel-cell-style-for-gb2212-69f9d8f6011fa-0-0\" ><div id=\"panel-gb2212-69f9d8f6011fa-0-0-0\" class=\"so-panel widget widget_text panel-first-child panel-last-child\" data-index=\"0\" ><div class=\"panel-widget-style panel-widget-style-for-gb2212-69f9d8f6011fa-0-0-0\" ><h3 class=\"widget-title\">Extrato de Pr\u00f3polis<\/h3>\t\t\t<div class=\"textwidget\"><p><a href=\"\/br\/categoria-produto\/propolis\/\"><img loading=\"lazy\" decoding=\"async\" class=\"aligncenter wp-image-2723 size-medium\" src=\"https:\/\/brnew.waxgreen.com.br\/wp-content\/uploads\/2021\/11\/icon_extrato_de_propolis-300x300.png\" alt=\"\" width=\"300\" height=\"300\" srcset=\"https:\/\/waxgreen.com.br\/br\/wp-content\/uploads\/2021\/11\/icon_extrato_de_propolis-300x300.png 300w, https:\/\/waxgreen.com.br\/br\/wp-content\/uploads\/2021\/11\/icon_extrato_de_propolis-150x150.png 150w, https:\/\/waxgreen.com.br\/br\/wp-content\/uploads\/2021\/11\/icon_extrato_de_propolis-100x100.png 100w, https:\/\/waxgreen.com.br\/br\/wp-content\/uploads\/2021\/11\/icon_extrato_de_propolis.png 600w\" sizes=\"auto, (max-width: 300px) 100vw, 300px\" \/><\/a><br \/>\nElaborado com Pr\u00f3polis de S\u00e3o Paulo e parte do sul de Minas Gerais, \u00e9 reconhecido no mercado internacional por seus altos n\u00edveis de flavon\u00f3ides. Nossa linha brasileira \u00e9 feita de pr\u00f3polis silvestre.<\/p>\n<\/div>\n\t\t<\/div><\/div><\/div><\/div><div id=\"pgc-gb2212-69f9d8f6011fa-0-1\"  class=\"panel-grid-cell\" ><div class=\"panel-cell-style panel-cell-style-for-gb2212-69f9d8f6011fa-0-1\" ><div id=\"panel-gb2212-69f9d8f6011fa-0-1-0\" class=\"so-panel widget widget_text panel-first-child panel-last-child\" data-index=\"1\" ><div class=\"panel-widget-style panel-widget-style-for-gb2212-69f9d8f6011fa-0-1-0\" ><h3 class=\"widget-title\">Pr\u00f3polis Verde em C\u00e1psulas<\/h3>\t\t\t<div class=\"textwidget\"><p><a href=\"\/br\/categoria-produto\/propolis\/\"><img loading=\"lazy\" decoding=\"async\" class=\"aligncenter wp-image-2916 size-medium\" src=\"https:\/\/waxgreen.com.br\/br\/wp-content\/uploads\/2025\/02\/No81_comp_1000x1000px-300x300.png\" alt=\"\" width=\"300\" height=\"300\" srcset=\"https:\/\/waxgreen.com.br\/br\/wp-content\/uploads\/2025\/02\/No81_comp_1000x1000px-300x300.png 300w, https:\/\/waxgreen.com.br\/br\/wp-content\/uploads\/2025\/02\/No81_comp_1000x1000px-150x150.png 150w, https:\/\/waxgreen.com.br\/br\/wp-content\/uploads\/2025\/02\/No81_comp_1000x1000px-768x768.png 768w, https:\/\/waxgreen.com.br\/br\/wp-content\/uploads\/2025\/02\/No81_comp_1000x1000px-600x600.png 600w, https:\/\/waxgreen.com.br\/br\/wp-content\/uploads\/2025\/02\/No81_comp_1000x1000px-100x100.png 100w, https:\/\/waxgreen.com.br\/br\/wp-content\/uploads\/2025\/02\/No81_comp_1000x1000px.png 1000w\" sizes=\"auto, (max-width: 300px) 100vw, 300px\" \/><\/a><\/p>\n<p>Conhe\u00e7a nossa Pr\u00f3polis em C\u00e1psulas com Pr\u00f3polis Verde Brasileiro. Com seus altos n\u00edveis de flavon\u00f3ides e Artepellin-C, \u00e9 um dos rem\u00e9dios naturais mais eficazes e um suplemento poderoso para fortalecer nosso sistema imunol\u00f3gico.<\/p>\n<\/div>\n\t\t<\/div><\/div><\/div><\/div><div id=\"pgc-gb2212-69f9d8f6011fa-0-2\"  class=\"panel-grid-cell\" ><div class=\"panel-cell-style panel-cell-style-for-gb2212-69f9d8f6011fa-0-2\" ><div id=\"panel-gb2212-69f9d8f6011fa-0-2-0\" class=\"so-panel widget widget_text panel-first-child panel-last-child\" data-index=\"2\" ><div class=\"panel-widget-style panel-widget-style-for-gb2212-69f9d8f6011fa-0-2-0\" ><h3 class=\"widget-title\">Mel Puro em Bisnagas<\/h3>\t\t\t<div class=\"textwidget\"><p><a href=\"\/br\/categoria-produto\/mel\/\"><img loading=\"lazy\" decoding=\"async\" class=\"aligncenter wp-image-2727 size-medium\" src=\"https:\/\/brnew.waxgreen.com.br\/wp-content\/uploads\/2021\/11\/icon_mel_bisnagas-300x300.png\" alt=\"Mel Puro em Bisnagas\" width=\"300\" height=\"300\" srcset=\"https:\/\/waxgreen.com.br\/br\/wp-content\/uploads\/2021\/11\/icon_mel_bisnagas-300x300.png 300w, https:\/\/waxgreen.com.br\/br\/wp-content\/uploads\/2021\/11\/icon_mel_bisnagas-150x150.png 150w, https:\/\/waxgreen.com.br\/br\/wp-content\/uploads\/2021\/11\/icon_mel_bisnagas-100x100.png 100w, https:\/\/waxgreen.com.br\/br\/wp-content\/uploads\/2021\/11\/icon_mel_bisnagas.png 600w\" sizes=\"auto, (max-width: 300px) 100vw, 300px\" \/><\/a><\/p>\n<p>Nossa Linha Brasileira de Mel \u00e9 composta por 6 tipos de mel selecionados: Mel de Flor de Laranjeira, Mel Silvestre, Mel com Gel\u00e9ia Real, Mel Org\u00e2nico, Mel com Pr\u00f3polis e Mel com Pr\u00f3polis, Sabor Agri\u00e3o e Eucalipto. Nosso mel \u00e9 engarrafado em potes convenientes e pr\u00e1ticos com tampa anti-gotejamento.<\/p>\n<\/div>\n\t\t<\/div><\/div><\/div><\/div><\/div><\/div><\/div><div style=\"height:40px\" aria-hidden=\"true\" class=\"wp-block-spacer\"><\/div><div class=\"wp-block-columns is-layout-flex wp-container-core-columns-is-layout-9d6595d7 wp-block-columns-is-layout-flex\"><div class=\"wp-block-column is-layout-flow wp-block-column-is-layout-flow\"><p class=\"has-text-align-center has-white-color has-text-color has-background has-medium-font-size\" style=\"background-color:#317922\">&#8220;<strong>Tudo que j\u00e1 experimentei dessa empresa, sempre me surpreendeu pela alta qualidade. Tanto no produto e at\u00e9 na embalagem.&#8221;<br><\/strong><br>C. Mascarenhas<br>\u2b50\u2b50\u2b50\u2b50\u2b50<\/p><\/div>\n\n<div class=\"wp-block-column is-layout-flow wp-block-column-is-layout-flow\"><p class=\"has-text-align-center has-white-color has-text-color has-background has-medium-font-size\" style=\"background-color:#317922\">&#8220;<strong>Amo os produtos de alta qualidade, originais sempre compro,e ser revendedora dessa marca vale muito a pena.&#8221;<\/strong><br><br>C. Nunes<br> \u2b50\u2b50\u2b50\u2b50\u2b50 <\/p>\n\n<p><\/p>\n\n<p><\/p><\/div>\n\n<div class=\"wp-block-column is-layout-flow wp-block-column-is-layout-flow\"><p class=\"has-text-align-center has-white-color has-text-color has-background has-medium-font-size\" style=\"background-color:#317922\">&#8220;<strong>Produtos de alta qualidade.excelente para quem quer um estilo de vida saud\u00e1vel.&#8221;<br><\/strong><br>L. Duarte<br>\u2b50\u2b50\u2b50\u2b50\u2b50 <\/p><\/div><\/div>","protected":false},"excerpt":{"rendered":"<p>Elaborado com Pr\u00f3polis de S\u00e3o Paulo e parte do sul de Minas Gerais, \u00e9 reconhecido no mercado internacional por seus altos n\u00edveis de flavon\u00f3ides. Nossa linha brasileira \u00e9 feita de pr\u00f3polis silvestre. Conhe\u00e7a nossa Pr\u00f3polis em C\u00e1psulas com Pr\u00f3polis Verde Brasileiro. Com seus altos n\u00edveis de flavon\u00f3ides e Artepellin-C, \u00e9 um dos rem\u00e9dios naturais maisContinue reading &rarr;<\/p>\n","protected":false},"author":2,"featured_media":0,"parent":0,"menu_order":0,"comment_status":"closed","ping_status":"closed","template":"grid.php","meta":{"footnotes":""},"class_list":["post-2212","page","type-page","status-publish","hentry","no-thumb"],"_links":{"self":[{"href":"https:\/\/waxgreen.com.br\/br\/wp-json\/wp\/v2\/pages\/2212","targetHints":{"allow":["GET"]}}],"collection":[{"href":"https:\/\/waxgreen.com.br\/br\/wp-json\/wp\/v2\/pages"}],"about":[{"href":"https:\/\/waxgreen.com.br\/br\/wp-json\/wp\/v2\/types\/page"}],"author":[{"embeddable":true,"href":"https:\/\/waxgreen.com.br\/br\/wp-json\/wp\/v2\/users\/2"}],"replies":[{"embeddable":true,"href":"https:\/\/waxgreen.com.br\/br\/wp-json\/wp\/v2\/comments?post=2212"}],"version-history":[{"count":71,"href":"https:\/\/waxgreen.com.br\/br\/wp-json\/wp\/v2\/pages\/2212\/revisions"}],"predecessor-version":[{"id":2921,"href":"https:\/\/waxgreen.com.br\/br\/wp-json\/wp\/v2\/pages\/2212\/revisions\/2921"}],"wp:attachment":[{"href":"https:\/\/waxgreen.com.br\/br\/wp-json\/wp\/v2\/media?parent=2212"}],"curies":[{"name":"wp","href":"https:\/\/api.w.org\/{rel}","templated":true}]}}