{"id":360,"date":"2012-04-09T18:06:48","date_gmt":"2012-04-09T21:06:48","guid":{"rendered":"http:\/\/propolis.com.br\/br\/?page_id=360"},"modified":"2012-04-09T18:06:48","modified_gmt":"2012-04-09T21:06:48","slug":"50-52-propolis-em-capsulas","status":"publish","type":"page","link":"https:\/\/waxgreen.com.br\/br\/propolis\/50-52-propolis-em-capsulas\/","title":{"rendered":"Pr\u00f3polis Verde em C\u00e1psula &#8211; (100 c\u00e1psulas)"},"content":{"rendered":"<figure class=\"wp-block-image size-large\"><img decoding=\"async\" src=\"http:\/\/192.168.0.31\/wordpress\/wp-content\/uploads\/2020\/10\/No51_brazil_capsula_omp-2-4.png\" alt=\"\" class=\"wp-image-1832\"\/><\/figure><p>\u00a0<\/p>\n<p><strong>Descri\u00e7\u00e3o do Produto:<\/strong><\/p>\n<p>N\u00b0 51 \u2013 Frascos com 100 capsulas de 300 mg<\/p>\n<p><strong>Ingredientes:<\/strong> Extrato de Pr\u00f3polis Verde em \u00d3leo de Linha\u00e7a.<\/p>\n<p><strong>Informa\u00e7\u00f5es T\u00e9cnicas: <\/strong>As c\u00e1psulas gelatinosas foram idealizadas para o consumidor que aprecia as propriedades medicinais da pr\u00f3polis, mas ressentem seu forte sabor. Cada c\u00e1psula equivale a 10 gotas de pr\u00f3polis, e s\u00e3o facilmente absorvidas pelo organismo.<\/p>\n<p><strong>Benef\u00edcios: <\/strong>Ajuda o corpo combater infec\u00e7\u00f5es das vias a\u00e9reas superiores, \u00e9 excelente coadjuvante no tratamento de \u00falceras g\u00e1stricas. \u00c9 diur\u00e9tico e promove a motilidade intestinal. O uso cont\u00ednuo da Pr\u00f3polis fortalece o sistema imunol\u00f3gico, maximiza a sa\u00fade e bem estar dos consumidores de todas as idades.<\/p>\n<p><strong>Indica\u00e7\u00e3o de uso:<\/strong><\/p>\n<p><strong>Adultos:<\/strong> tomar de 3 a 4 c\u00e1psulas ao dia<\/p>\n<p><strong>Crian\u00e7as: <\/strong>tomar 1 a 2 c\u00e1psulas ao dia<\/p>\n<p>NB: Para melhores resultados tome antes das refei\u00e7\u00f5es com o est\u00f4mago vazio.<\/p>\n<p style=\"text-align: center;\"><a href=\"http:\/\/www.wgprodutosnaturais.com.br\/propolis-ct-40-344796.htm\"><img loading=\"lazy\" decoding=\"async\" class=\"size-full wp-image-1217 aligncenter\" src=\"http:\/\/192.168.0.31\/wordpress\/wp-content\/uploads\/2011\/10\/btn_compre_aqui-1.jpg\" alt=\"btn_compre_aqui\" width=\"161\" height=\"36\" \/><\/a><\/p>","protected":false},"excerpt":{"rendered":"<p>\u00a0 Descri\u00e7\u00e3o do Produto: N\u00b0 51 \u2013 Frascos com 100 capsulas de 300 mg Ingredientes: Extrato de Pr\u00f3polis Verde em \u00d3leo de Linha\u00e7a. Informa\u00e7\u00f5es T\u00e9cnicas: As c\u00e1psulas gelatinosas foram idealizadas para o consumidor que aprecia as propriedades medicinais da pr\u00f3polis, mas ressentem seu forte sabor. Cada c\u00e1psula equivale a 10 gotas de pr\u00f3polis, e s\u00e3oContinue reading &rarr;<\/p>\n","protected":false},"author":2,"featured_media":0,"parent":20,"menu_order":0,"comment_status":"closed","ping_status":"closed","template":"","meta":{"footnotes":""},"class_list":["post-360","page","type-page","status-publish","hentry","no-thumb"],"_links":{"self":[{"href":"https:\/\/waxgreen.com.br\/br\/wp-json\/wp\/v2\/pages\/360","targetHints":{"allow":["GET"]}}],"collection":[{"href":"https:\/\/waxgreen.com.br\/br\/wp-json\/wp\/v2\/pages"}],"about":[{"href":"https:\/\/waxgreen.com.br\/br\/wp-json\/wp\/v2\/types\/page"}],"author":[{"embeddable":true,"href":"https:\/\/waxgreen.com.br\/br\/wp-json\/wp\/v2\/users\/2"}],"replies":[{"embeddable":true,"href":"https:\/\/waxgreen.com.br\/br\/wp-json\/wp\/v2\/comments?post=360"}],"version-history":[{"count":0,"href":"https:\/\/waxgreen.com.br\/br\/wp-json\/wp\/v2\/pages\/360\/revisions"}],"up":[{"embeddable":true,"href":"https:\/\/waxgreen.com.br\/br\/wp-json\/wp\/v2\/pages\/20"}],"wp:attachment":[{"href":"https:\/\/waxgreen.com.br\/br\/wp-json\/wp\/v2\/media?parent=360"}],"curies":[{"name":"wp","href":"https:\/\/api.w.org\/{rel}","templated":true}]}}