{"id":40,"date":"2011-10-09T22:33:51","date_gmt":"2011-10-09T22:33:51","guid":{"rendered":"http:\/\/propolis.com.br\/wordpress\/?page_id=40"},"modified":"2022-02-07T17:53:52","modified_gmt":"2022-02-07T17:53:52","slug":"contato","status":"publish","type":"page","link":"https:\/\/waxgreen.com.br\/br\/contato\/","title":{"rendered":"Contato"},"content":{"rendered":"<div class=\"wp-block-columns is-layout-flex wp-container-core-columns-is-layout-9d6595d7 wp-block-columns-is-layout-flex\"><div class=\"wp-block-column is-layout-flow wp-block-column-is-layout-flow\"><p>Receber sua liga\u00e7\u00e3o \u00e9 uma grande satisfa\u00e7\u00e3o para n\u00f3s. Estamos \u00e0 sua disposi\u00e7\u00e3o para informa\u00e7\u00f5es adicionais sobre nossos produtos, pre\u00e7os, aplica\u00e7\u00f5es, condi\u00e7\u00f5es de pagamento e remessa e tudo mais que voc\u00ea precisar.<\/p>\n\n<div class=\"wpforms-container wpforms-container-full wpforms-block\" id=\"wpforms-2564\"><form id=\"wpforms-form-2564\" class=\"wpforms-validate wpforms-form\" data-formid=\"2564\" method=\"post\" enctype=\"multipart\/form-data\" action=\"\/br\/wp-json\/wp\/v2\/pages\/40\" data-token=\"bb5d6ddfea72fe7020556a1815fdadae\" data-token-time=\"1776955969\"><noscript class=\"wpforms-error-noscript\">Please enable JavaScript in your browser to complete this form.<\/noscript><div class=\"wpforms-field-container\"><div id=\"wpforms-2564-field_0-container\" class=\"wpforms-field wpforms-field-name\" data-field-id=\"0\"><label class=\"wpforms-field-label wpforms-label-hide\">Nome <span class=\"wpforms-required-label\">*<\/span><\/label><div class=\"wpforms-field-row wpforms-field-large\"><div class=\"wpforms-field-row-block wpforms-first wpforms-one-half\"><input type=\"text\" id=\"wpforms-2564-field_0\" class=\"wpforms-field-name-first wpforms-field-required\" name=\"wpforms[fields][0][first]\" placeholder=\"Primeiro Nome\" required><label for=\"wpforms-2564-field_0\" class=\"wpforms-field-sublabel after\">First<\/label><\/div><div class=\"wpforms-field-row-block wpforms-one-half\"><input type=\"text\" id=\"wpforms-2564-field_0-last\" class=\"wpforms-field-name-last wpforms-field-required\" name=\"wpforms[fields][0][last]\" placeholder=\"Segundo Nome\" required><label for=\"wpforms-2564-field_0-last\" class=\"wpforms-field-sublabel after\">Last<\/label><\/div><\/div><\/div><div id=\"wpforms-2564-field_1-container\" class=\"wpforms-field wpforms-field-email\" data-field-id=\"1\"><label class=\"wpforms-field-label wpforms-label-hide\" for=\"wpforms-2564-field_1\">Email <span class=\"wpforms-required-label\">*<\/span><\/label><input type=\"email\" id=\"wpforms-2564-field_1\" class=\"wpforms-field-large wpforms-field-required\" name=\"wpforms[fields][1]\" placeholder=\"Email\" spellcheck=\"false\" required><\/div><div id=\"wpforms-2564-field_2-container\" class=\"wpforms-field wpforms-field-textarea\" data-field-id=\"2\"><label class=\"wpforms-field-label wpforms-label-hide\" for=\"wpforms-2564-field_2\">Comment or Message <span class=\"wpforms-required-label\">*<\/span><\/label><textarea id=\"wpforms-2564-field_2\" class=\"wpforms-field-medium wpforms-field-required\" name=\"wpforms[fields][2]\" placeholder=\"Sua mensagem...\" required><\/textarea><\/div><\/div><!-- .wpforms-field-container --><div class=\"wpforms-recaptcha-container wpforms-is-recaptcha wpforms-is-recaptcha-type-v2\" ><div class=\"g-recaptcha\" data-sitekey=\"6LeGvC8kAAAAAAys9XLAnT65NA5tS8Rmroyfn9xp\"><\/div><input type=\"text\" name=\"g-recaptcha-hidden\" class=\"wpforms-recaptcha-hidden\" style=\"position:absolute!important;clip:rect(0,0,0,0)!important;height:1px!important;width:1px!important;border:0!important;overflow:hidden!important;padding:0!important;margin:0!important;\" data-rule-recaptcha=\"1\"><\/div><div class=\"wpforms-submit-container\" ><input type=\"hidden\" name=\"wpforms[id]\" value=\"2564\"><input type=\"hidden\" name=\"page_title\" value=\"\"><input type=\"hidden\" name=\"page_url\" value=\"https:\/\/waxgreen.com.br\/br\/wp-json\/wp\/v2\/pages\/40\"><input type=\"hidden\" name=\"url_referer\" value=\"\"><button type=\"submit\" name=\"wpforms[submit]\" id=\"wpforms-submit-2564\" class=\"wpforms-submit\" data-alt-text=\"Enviando...\" data-submit-text=\"Enviar\" aria-live=\"assertive\" value=\"wpforms-submit\">Enviar<\/button><\/div><\/form><\/div>  <!-- .wpforms-container --><\/div>\n\n<div class=\"wp-block-column is-layout-flow wp-block-column-is-layout-flow\"><p>Para falar conosco, ligue:<\/p>\n\n<p>Fone: (55 11) 5822-4030<br>WhatsApp: (55 11) 94533-4066<br>E-mail:\u00a0<a href=\"mailto:waxgreen@waxgreen.com.br\">waxgreen@waxgreen.com.br<\/a><\/p>\n\n<p>Se voc\u00ea deseja esclarecer d\u00favidas sobre nossos produtos e servi\u00e7os ou enviar sugest\u00f5es, preencha o formul\u00e1rio ao lado.<\/p>\n\n<div\n\t\t\t\n\t\t\tclass=\"so-widget-sow-button so-widget-sow-button-flat-ddbbce5568b0\"\n\t\t\t\n\t\t><div class=\"ow-button-base ow-button-align-center\"\n>\n\t\t\t<a\n\t\t\t\t\thref=\"https:\/\/api.whatsapp.com\/send?phone=5511945334066\"\n\t\t\t\t\tclass=\"sowb-button ow-icon-placement-left ow-button-hover\" target=\"_blank\" rel=\"noopener noreferrer\" \t>\n\t\t<span>\n\t\t\t<span class=\"sow-icon-fontawesome sow-far\" data-sow-icon=\"&#xf075;\"\n\t\tstyle=\"color: #ffffff\" \n\t\taria-hidden=\"true\"><\/span>\n\t\t\tFale conosco pelo WhatsApp!\t\t<\/span>\n\t\t\t<\/a>\n\t<\/div>\n<\/div>\n\n<hr class=\"wp-block-separator has-text-color has-background has-white-background-color has-white-color\"\/>\n\n<div\n\t\t\t\n\t\t\tclass=\"so-widget-sow-button so-widget-sow-button-flat-ddbbce5568b0\"\n\t\t\t\n\t\t><div class=\"ow-button-base ow-button-align-center\"\n>\n\t\t\t<a\n\t\t\t\t\thref=\"http:\/\/instagram.com\/waxgreen\/\"\n\t\t\t\t\tclass=\"sowb-button ow-icon-placement-left ow-button-hover\" target=\"_blank\" rel=\"noopener noreferrer\" \t>\n\t\t<span>\n\t\t\t<span class=\"sow-icon-fontawesome sow-far\" data-sow-icon=\"&#xf2c1;\"\n\t\tstyle=\"color: #ffffff\" \n\t\taria-hidden=\"true\"><\/span>\n\t\t\tInstagram | @waxgreen\t\t<\/span>\n\t\t\t<\/a>\n\t<\/div>\n<\/div>\n\n<hr class=\"wp-block-separator has-text-color has-background has-white-background-color has-white-color\"\/>\n\n<div\n\t\t\t\n\t\t\tclass=\"so-widget-sow-button so-widget-sow-button-flat-ddbbce5568b0\"\n\t\t\t\n\t\t><div class=\"ow-button-base ow-button-align-center\"\n>\n\t\t\t<a\n\t\t\t\t\thref=\"https:\/\/www.facebook.com\/WaxGreenOficial\/\"\n\t\t\t\t\tclass=\"sowb-button ow-icon-placement-left ow-button-hover\" target=\"_blank\" rel=\"noopener noreferrer\" \t>\n\t\t<span>\n\t\t\t<span class=\"sow-icon-fontawesome sow-far\" data-sow-icon=\"&#xf164;\"\n\t\tstyle=\"color: #ffffff\" \n\t\taria-hidden=\"true\"><\/span>\n\t\t\tFacebook | @WaxGreenOficial\t\t<\/span>\n\t\t\t<\/a>\n\t<\/div>\n<\/div>\n\n<hr class=\"wp-block-separator has-text-color has-background has-white-background-color has-white-color\"\/>\n\n<div\n\t\t\t\n\t\t\tclass=\"so-widget-sow-button so-widget-sow-button-flat-ddbbce5568b0\"\n\t\t\t\n\t\t><div class=\"ow-button-base ow-button-align-center\"\n>\n\t\t\t<a\n\t\t\t\t\thref=\"https:\/\/www.youtube.com\/user\/WaxGreenBrazil\"\n\t\t\t\t\tclass=\"sowb-button ow-icon-placement-left ow-button-hover\" target=\"_blank\" rel=\"noopener noreferrer\" \t>\n\t\t<span>\n\t\t\t<span class=\"sow-icon-fontawesome sow-far\" data-sow-icon=\"&#xf144;\"\n\t\tstyle=\"color: #ffffff\" \n\t\taria-hidden=\"true\"><\/span>\n\t\t\tYouTube | Inscreva-se no nosso canal!\t\t<\/span>\n\t\t\t<\/a>\n\t<\/div>\n<\/div>\n\n<div class=\"wp-block-buttons is-layout-flex wp-block-buttons-is-layout-flex\"><\/div><\/div><\/div>","protected":false},"excerpt":{"rendered":"<p>Receber sua liga\u00e7\u00e3o \u00e9 uma grande satisfa\u00e7\u00e3o para n\u00f3s. Estamos \u00e0 sua disposi\u00e7\u00e3o para informa\u00e7\u00f5es adicionais sobre nossos produtos, pre\u00e7os, aplica\u00e7\u00f5es, condi\u00e7\u00f5es de pagamento e remessa e tudo mais que voc\u00ea precisar. Para falar conosco, ligue: Fone: (55 11) 5822-4030WhatsApp: (55 11) 94533-4066E-mail:\u00a0waxgreen@waxgreen.com.br Se voc\u00ea deseja esclarecer d\u00favidas sobre nossos produtos e servi\u00e7os ou enviarContinue reading &rarr;<\/p>\n","protected":false},"author":2,"featured_media":0,"parent":0,"menu_order":0,"comment_status":"closed","ping_status":"closed","template":"","meta":{"footnotes":""},"class_list":["post-40","page","type-page","status-publish","hentry","no-thumb"],"_links":{"self":[{"href":"https:\/\/waxgreen.com.br\/br\/wp-json\/wp\/v2\/pages\/40","targetHints":{"allow":["GET"]}}],"collection":[{"href":"https:\/\/waxgreen.com.br\/br\/wp-json\/wp\/v2\/pages"}],"about":[{"href":"https:\/\/waxgreen.com.br\/br\/wp-json\/wp\/v2\/types\/page"}],"author":[{"embeddable":true,"href":"https:\/\/waxgreen.com.br\/br\/wp-json\/wp\/v2\/users\/2"}],"replies":[{"embeddable":true,"href":"https:\/\/waxgreen.com.br\/br\/wp-json\/wp\/v2\/comments?post=40"}],"version-history":[{"count":12,"href":"https:\/\/waxgreen.com.br\/br\/wp-json\/wp\/v2\/pages\/40\/revisions"}],"predecessor-version":[{"id":2865,"href":"https:\/\/waxgreen.com.br\/br\/wp-json\/wp\/v2\/pages\/40\/revisions\/2865"}],"wp:attachment":[{"href":"https:\/\/waxgreen.com.br\/br\/wp-json\/wp\/v2\/media?parent=40"}],"curies":[{"name":"wp","href":"https:\/\/api.w.org\/{rel}","templated":true}]}}