{"id":2390,"date":"2021-06-04T16:29:22","date_gmt":"2021-06-04T16:29:22","guid":{"rendered":"http:\/\/192.168.0.31\/wordpress\/?post_type=product&#038;p=2387"},"modified":"2025-11-07T13:10:58","modified_gmt":"2025-11-07T13:10:58","slug":"propolis-verde-em-capsula","status":"publish","type":"product","link":"https:\/\/waxgreen.com.br\/br\/produto\/propolis-verde-em-capsula\/","title":{"rendered":"Pr\u00f3polis Verde em C\u00e1psula"},"content":{"rendered":"<p><strong>Composi\u00e7\u00e3o:<\/strong> Extrato de pr\u00f3polis em solu\u00e7\u00e3o oleosa<br \/>\n<strong>N\u00ba do produto:<\/strong> N\u00ba51<br \/>\n<strong>Conte\u00fado: c\u00e1psulas<\/strong> de 100 x 425 mg.<\/p>\n<h3>Caracter\u00edsticas:<\/h3>\n<p><strong>Pr\u00f3polis Verde em C\u00e1psula<\/strong>, foi elaborada com a pur\u00edssima\u00a0<strong>Pr\u00f3polis Verde (Alecrim do Campo)<\/strong>, S<strong>em \u00c1lcool<\/strong>, se tornando um poderoso complemento alimentar na preven\u00e7\u00e3o de doen\u00e7as em geral, pois fortalece o\u00a0<strong>Sistema Imunol\u00f3gico<\/strong>.<br \/>\n\u00c9 adequado para uso di\u00e1rio, preven\u00e7\u00e3o de resfriados e gripe, ajuda a manter o sistema imunol\u00f3gico forte e saud\u00e1vel.<\/p>\n<p><strong>Local de Origem:<\/strong> Flores dos campos de alecrim do estado de Minas Gerais, Brasil.<br \/>\n<strong>Uso sugerido:<\/strong> Tomar 1 c\u00e1psula ao dia para preven\u00e7\u00e3o, 2 c\u00e1psulas ao dia para uso terap\u00eautico e 6 c\u00e1psulas ao dia em caso de doen\u00e7as cr\u00f4nicas. Tome-o antes das refei\u00e7\u00f5es com \u00e1gua ou sumo de fruta.<\/p>\n<p><strong>Extrato Seco: 80%<\/strong><\/p>\n","protected":false},"excerpt":{"rendered":"<p>Composi\u00e7\u00e3o: Extrato de pr\u00f3polis em solu\u00e7\u00e3o oleosa N\u00ba do produto: N\u00ba51 Conte\u00fado: c\u00e1psulas de 100 x 425 mg. Caracter\u00edsticas: Pr\u00f3polis Verde em C\u00e1psula, foi elaborada com a pur\u00edssima\u00a0Pr\u00f3polis Verde (Alecrim do Campo), Sem \u00c1lcool, se tornando um poderoso complemento alimentar na preven\u00e7\u00e3o de doen\u00e7as em geral, pois fortalece o\u00a0Sistema Imunol\u00f3gico. \u00c9 adequado para uso di\u00e1rio,Continue reading &rarr;<\/p>\n","protected":false},"featured_media":2928,"template":"","meta":[],"product_brand":[],"product_cat":[33],"product_tag":[31,32,34],"class_list":{"0":"post-2390","1":"product","2":"type-product","3":"status-publish","4":"has-post-thumbnail","6":"product_cat-propolis","7":"product_tag-capsulas","8":"product_tag-propolis","9":"product_tag-propolis-verde","10":"has-thumb","12":"first","13":"instock","14":"shipping-taxable","15":"product-type-external"},"_links":{"self":[{"href":"https:\/\/waxgreen.com.br\/br\/wp-json\/wp\/v2\/product\/2390","targetHints":{"allow":["GET"]}}],"collection":[{"href":"https:\/\/waxgreen.com.br\/br\/wp-json\/wp\/v2\/product"}],"about":[{"href":"https:\/\/waxgreen.com.br\/br\/wp-json\/wp\/v2\/types\/product"}],"wp:featuredmedia":[{"embeddable":true,"href":"https:\/\/waxgreen.com.br\/br\/wp-json\/wp\/v2\/media\/2928"}],"wp:attachment":[{"href":"https:\/\/waxgreen.com.br\/br\/wp-json\/wp\/v2\/media?parent=2390"}],"wp:term":[{"taxonomy":"product_brand","embeddable":true,"href":"https:\/\/waxgreen.com.br\/br\/wp-json\/wp\/v2\/product_brand?post=2390"},{"taxonomy":"product_cat","embeddable":true,"href":"https:\/\/waxgreen.com.br\/br\/wp-json\/wp\/v2\/product_cat?post=2390"},{"taxonomy":"product_tag","embeddable":true,"href":"https:\/\/waxgreen.com.br\/br\/wp-json\/wp\/v2\/product_tag?post=2390"}],"curies":[{"name":"wp","href":"https:\/\/api.w.org\/{rel}","templated":true}]}}