{"id":2393,"date":"2021-06-04T16:42:06","date_gmt":"2021-06-04T16:42:06","guid":{"rendered":"http:\/\/192.168.0.31\/wordpress\/?post_type=product&#038;p=2393"},"modified":"2025-06-12T17:42:01","modified_gmt":"2025-06-12T17:42:01","slug":"popolis-verde-em-capsula","status":"publish","type":"product","link":"https:\/\/waxgreen.com.br\/br\/produto\/popolis-verde-em-capsula\/","title":{"rendered":"Pr\u00f3polis Verde em C\u00e1psula"},"content":{"rendered":"<p><strong>Composi\u00e7\u00e3o:<\/strong>\u00a0Extrato de pr\u00f3polis em solu\u00e7\u00e3o oleosa<br \/>\n<strong>N\u00ba do produto:<\/strong> N\u00ba81<br \/>\n<strong>Conte\u00fado: c\u00e1psulas<\/strong>\u00a0de 100 x 300 mg.<\/p>\n<h3>Caracter\u00edsticas:<\/h3>\n<p><strong>Pr\u00f3polis Verde em C\u00e1psula<\/strong>, foi elaborada com a pur\u00edssima\u00a0<strong>Pr\u00f3polis Verde (Alecrim do Campo)<\/strong>, S<strong>em \u00c1lcool<\/strong>, se tornando um poderoso complemento alimentar na preven\u00e7\u00e3o de doen\u00e7as em geral, pois fortalece o\u00a0<strong>Sistema Imunol\u00f3gico<\/strong>.<br \/>\n\u00c9 adequado para uso di\u00e1rio, preven\u00e7\u00e3o de resfriados e gripe, ajuda amanter o sistema imunol\u00f3gi- co forte e saud\u00e1vel.<\/p>\n<p><strong>Local de Origem:<\/strong>\u00a0Flores dos campos de alecrim do estado de Minas Gerais, Brasil.<br \/>\n<strong>Uso sugerido:<\/strong>\u00a0Tomar 1 c\u00e1psula ao dia para preven\u00e7\u00e3o, 2 c\u00e1psulas ao dia para uso terap\u00eautico e 3 c\u00e1psulas ao dia em caso de doen\u00e7as cr\u00f4nicas. Tome-o antes das refei\u00e7\u00f5es com \u00e1gua ou sumo de fruta.<\/p>\n<p><strong>Extrato Seco: 86%<\/strong><\/p>\n","protected":false},"excerpt":{"rendered":"<p>Composi\u00e7\u00e3o:\u00a0Extrato de pr\u00f3polis em solu\u00e7\u00e3o oleosa N\u00ba do produto: N\u00ba81 Conte\u00fado: c\u00e1psulas\u00a0de 100 x 300 mg. Caracter\u00edsticas: Pr\u00f3polis Verde em C\u00e1psula, foi elaborada com a pur\u00edssima\u00a0Pr\u00f3polis Verde (Alecrim do Campo), Sem \u00c1lcool, se tornando um poderoso complemento alimentar na preven\u00e7\u00e3o de doen\u00e7as em geral, pois fortalece o\u00a0Sistema Imunol\u00f3gico. \u00c9 adequado para uso di\u00e1rio, preven\u00e7\u00e3o deContinue reading &rarr;<\/p>\n","protected":false},"featured_media":2908,"template":"","meta":[],"product_brand":[],"product_cat":[33],"product_tag":[31,32,34],"class_list":{"0":"post-2393","1":"product","2":"type-product","3":"status-publish","4":"has-post-thumbnail","6":"product_cat-propolis","7":"product_tag-capsulas","8":"product_tag-propolis","9":"product_tag-propolis-verde","10":"has-thumb","12":"first","13":"instock","14":"featured","15":"shipping-taxable","16":"product-type-external"},"_links":{"self":[{"href":"https:\/\/waxgreen.com.br\/br\/wp-json\/wp\/v2\/product\/2393","targetHints":{"allow":["GET"]}}],"collection":[{"href":"https:\/\/waxgreen.com.br\/br\/wp-json\/wp\/v2\/product"}],"about":[{"href":"https:\/\/waxgreen.com.br\/br\/wp-json\/wp\/v2\/types\/product"}],"wp:featuredmedia":[{"embeddable":true,"href":"https:\/\/waxgreen.com.br\/br\/wp-json\/wp\/v2\/media\/2908"}],"wp:attachment":[{"href":"https:\/\/waxgreen.com.br\/br\/wp-json\/wp\/v2\/media?parent=2393"}],"wp:term":[{"taxonomy":"product_brand","embeddable":true,"href":"https:\/\/waxgreen.com.br\/br\/wp-json\/wp\/v2\/product_brand?post=2393"},{"taxonomy":"product_cat","embeddable":true,"href":"https:\/\/waxgreen.com.br\/br\/wp-json\/wp\/v2\/product_cat?post=2393"},{"taxonomy":"product_tag","embeddable":true,"href":"https:\/\/waxgreen.com.br\/br\/wp-json\/wp\/v2\/product_tag?post=2393"}],"curies":[{"name":"wp","href":"https:\/\/api.w.org\/{rel}","templated":true}]}}