{"id":2399,"date":"2021-06-04T19:04:46","date_gmt":"2021-06-04T19:04:46","guid":{"rendered":"http:\/\/192.168.0.31\/wordpress\/?post_type=product&#038;p=2399"},"modified":"2021-06-20T16:10:43","modified_gmt":"2021-06-20T16:10:43","slug":"extrato-de-propolis-verde-60","status":"publish","type":"product","link":"https:\/\/waxgreen.com.br\/br\/produto\/extrato-de-propolis-verde-60\/","title":{"rendered":"Extrato de Pr\u00f3polis Verde 60"},"content":{"rendered":"<p><strong>Composi\u00e7\u00e3o:<\/strong> Extrato de pr\u00f3polis verde dilu\u00eddo em \u00e1lcool de cereais.<br \/>\n<strong>N\u00ba do produto:<\/strong> N\u00ba10<br \/>\n<strong>Conte\u00fado:<\/strong> 30 ml<\/p>\n<h3>Caracter\u00edsticas:<\/h3>\n<p>Este produto cont\u00e9m\u00a0<strong>alta concentra\u00e7\u00e3o<\/strong>\u00a0do extrato de pr\u00f3polis verde. Ideal para ser usado como coadjuvante no tratamento de enfermidades como leucemia, c\u00e2ncer, diabetes, ulcera\u00e7\u00f5es e AIDS. O seu consumo pode potencializar os resultados da medica\u00e7\u00e3o convencional prescrita pelo m\u00e9dico, acelerando a recupera\u00e7\u00e3o e ajudando a manter os n\u00edveis de imunidade do paciente.<\/p>\n<p><strong>Local de Origem:<\/strong>\u00a0Flores dos campos de alecrim do estado de Minas Gerais, Brasil.<\/p>\n<p><strong>Uso sugerido:<br \/>\nAdultos:<\/strong>\u00a0Tomar 10 a 20 gotas dilu\u00eddas em meio copo de suco de frutas ou \u00e1gua, 2 ou 3\u00a0vezes ao dia. Tamb\u00e9m se pode bochechar ou gargarejar com uma solu\u00e7\u00e3o de meio copo de \u00e1gua morna e 1 colher de ch\u00e1 de pr\u00f3polis.<br \/>\n<strong>Crian\u00e7as:<\/strong>\u00a0Tomar 5\u00a0a 10 gotas dilu\u00eddas em meio copo de suco de frutas ou \u00e1gua, 2 ou 3 vezes ao dia.<\/p>\n<ul>\n<li>Este produto cont\u00e9m um m\u00ednimo de cera (at\u00e9 10%)<\/li>\n<li>Cont\u00e9m 30% do extrato seco da Pr\u00f3polis Verde<\/li>\n<li>Alcool de cereais<\/li>\n<li>Sem gl\u00faten<\/li>\n<\/ul>\n<p><strong>Extrato seco m\u00ednimo: 30%<\/strong><\/p>\n<p>&nbsp;<\/p>\n","protected":false},"excerpt":{"rendered":"<p>Composi\u00e7\u00e3o: Extrato de pr\u00f3polis verde dilu\u00eddo em \u00e1lcool de cereais. N\u00ba do produto: N\u00ba10 Conte\u00fado: 30 ml Caracter\u00edsticas: Este produto cont\u00e9m\u00a0alta concentra\u00e7\u00e3o\u00a0do extrato de pr\u00f3polis verde. Ideal para ser usado como coadjuvante no tratamento de enfermidades como leucemia, c\u00e2ncer, diabetes, ulcera\u00e7\u00f5es e AIDS. O seu consumo pode potencializar os resultados da medica\u00e7\u00e3o convencional prescrita peloContinue reading &rarr;<\/p>\n","protected":false},"featured_media":2514,"template":"","meta":[],"product_brand":[],"product_cat":[33],"product_tag":[],"class_list":{"0":"post-2399","1":"product","2":"type-product","3":"status-publish","4":"has-post-thumbnail","6":"product_cat-propolis","7":"has-thumb","9":"first","10":"instock","11":"featured","12":"shipping-taxable","13":"product-type-external"},"_links":{"self":[{"href":"https:\/\/waxgreen.com.br\/br\/wp-json\/wp\/v2\/product\/2399","targetHints":{"allow":["GET"]}}],"collection":[{"href":"https:\/\/waxgreen.com.br\/br\/wp-json\/wp\/v2\/product"}],"about":[{"href":"https:\/\/waxgreen.com.br\/br\/wp-json\/wp\/v2\/types\/product"}],"wp:featuredmedia":[{"embeddable":true,"href":"https:\/\/waxgreen.com.br\/br\/wp-json\/wp\/v2\/media\/2514"}],"wp:attachment":[{"href":"https:\/\/waxgreen.com.br\/br\/wp-json\/wp\/v2\/media?parent=2399"}],"wp:term":[{"taxonomy":"product_brand","embeddable":true,"href":"https:\/\/waxgreen.com.br\/br\/wp-json\/wp\/v2\/product_brand?post=2399"},{"taxonomy":"product_cat","embeddable":true,"href":"https:\/\/waxgreen.com.br\/br\/wp-json\/wp\/v2\/product_cat?post=2399"},{"taxonomy":"product_tag","embeddable":true,"href":"https:\/\/waxgreen.com.br\/br\/wp-json\/wp\/v2\/product_tag?post=2399"}],"curies":[{"name":"wp","href":"https:\/\/api.w.org\/{rel}","templated":true}]}}