{"id":2407,"date":"2021-06-04T19:23:05","date_gmt":"2021-06-04T19:23:05","guid":{"rendered":"http:\/\/192.168.0.31\/wordpress\/?post_type=product&#038;p=2407"},"modified":"2025-07-28T13:18:22","modified_gmt":"2025-07-28T13:18:22","slug":"spray-extrato-de-propolis-e-mel","status":"publish","type":"product","link":"https:\/\/waxgreen.com.br\/br\/produto\/spray-extrato-de-propolis-e-mel\/","title":{"rendered":"Spray Extrato de Pr\u00f3polis e Mel"},"content":{"rendered":"<p><strong>Composi\u00e7\u00e3o:<\/strong>\u00a0Extrato de Pr\u00f3polis, \u00e1gua desionizada, mel e mentha.<br \/>\n<strong>N\u00ba do produto:<\/strong> N\u00ba26<br \/>\n<strong>Conte\u00fado:<\/strong>\u00a030 ml<br \/>\n<strong>Extrato Seco:<\/strong> 13%<\/p>\n<h3>Caracter\u00edsticas:<\/h3>\n<p>\u00c9 excelente para auxiliar no tratamento da dor de garganta, tosses rebeldes, gengivite, aftas e halitose, males que se agravam pelo consumo de cigarros.\u00a0Adicionamos extrato de menta para que, al\u00e9m dos benef\u00edcios naturais da pr\u00f3polis, seja garantido um h\u00e1lito refrescante e duradouro.\u00a0\u00c9 igualmente indicado para uso infantil.<\/p>\n<p><strong>Local de Origem:<\/strong>\u00a0Flores dos campos de alecrim do estado de Minas Gerais, Brasil.<\/p>\n<p><strong>Uso sugerido:<br \/>\nAdultos e Crian\u00e7as:<\/strong> Borrifar o produto diretamente na garganta de 3 a 6 vezes ao dia<\/p>\n<ul>\n<li>Cont\u00e9m 13% do extrato seco da Pr\u00f3polis Silvestre<\/li>\n<li>Alcool de cereais<\/li>\n<\/ul>\n","protected":false},"excerpt":{"rendered":"<p>Composi\u00e7\u00e3o:\u00a0Extrato de Pr\u00f3polis, \u00e1gua desionizada, mel e mentha. N\u00ba do produto: N\u00ba26 Conte\u00fado:\u00a030 ml Extrato Seco: 13% Caracter\u00edsticas: \u00c9 excelente para auxiliar no tratamento da dor de garganta, tosses rebeldes, gengivite, aftas e halitose, males que se agravam pelo consumo de cigarros.\u00a0Adicionamos extrato de menta para que, al\u00e9m dos benef\u00edcios naturais da pr\u00f3polis, seja garantidoContinue reading &rarr;<\/p>\n","protected":false},"featured_media":2923,"template":"","meta":[],"product_brand":[],"product_cat":[33],"product_tag":[32,35],"class_list":{"0":"post-2407","1":"product","2":"type-product","3":"status-publish","4":"has-post-thumbnail","6":"product_cat-propolis","7":"product_tag-propolis","8":"product_tag-spray","9":"has-thumb","11":"first","12":"instock","13":"featured","14":"shipping-taxable","15":"product-type-external"},"_links":{"self":[{"href":"https:\/\/waxgreen.com.br\/br\/wp-json\/wp\/v2\/product\/2407","targetHints":{"allow":["GET"]}}],"collection":[{"href":"https:\/\/waxgreen.com.br\/br\/wp-json\/wp\/v2\/product"}],"about":[{"href":"https:\/\/waxgreen.com.br\/br\/wp-json\/wp\/v2\/types\/product"}],"wp:featuredmedia":[{"embeddable":true,"href":"https:\/\/waxgreen.com.br\/br\/wp-json\/wp\/v2\/media\/2923"}],"wp:attachment":[{"href":"https:\/\/waxgreen.com.br\/br\/wp-json\/wp\/v2\/media?parent=2407"}],"wp:term":[{"taxonomy":"product_brand","embeddable":true,"href":"https:\/\/waxgreen.com.br\/br\/wp-json\/wp\/v2\/product_brand?post=2407"},{"taxonomy":"product_cat","embeddable":true,"href":"https:\/\/waxgreen.com.br\/br\/wp-json\/wp\/v2\/product_cat?post=2407"},{"taxonomy":"product_tag","embeddable":true,"href":"https:\/\/waxgreen.com.br\/br\/wp-json\/wp\/v2\/product_tag?post=2407"}],"curies":[{"name":"wp","href":"https:\/\/api.w.org\/{rel}","templated":true}]}}