{"id":2409,"date":"2021-06-04T19:27:39","date_gmt":"2021-06-04T19:27:39","guid":{"rendered":"http:\/\/192.168.0.31\/wordpress\/?post_type=product&#038;p=2409"},"modified":"2025-02-24T14:36:06","modified_gmt":"2025-02-24T14:36:06","slug":"extrato-de-propolis-40","status":"publish","type":"product","link":"https:\/\/waxgreen.com.br\/br\/produto\/extrato-de-propolis-40\/","title":{"rendered":"Extrato de Pr\u00f3polis 40"},"content":{"rendered":"<p><strong>Composi\u00e7\u00e3o:<\/strong> Extrato de pr\u00f3polis silvestre dilu\u00eddo em \u00e1lcool de cereais.<br \/>\n<strong>N\u00ba do produto:<\/strong> N\u00ba02<br \/>\n<strong>Conte\u00fado:<\/strong>\u00a030 ml<\/p>\n<h3>Caracter\u00edsticas:<\/h3>\n<p>Quando usado de forma t\u00f3pica promove r\u00e1pida cicatriza\u00e7\u00e3o de pequenos cortes, ferimentos leves e picadas de insetos. A cera da pr\u00f3polis forma uma pel\u00edcula\u00a0protetora sobre a pele evitando contamina\u00e7\u00e3o no local afetado. Produto fabricado com extrato de pr\u00f3polis silvestre sem extra\u00e7\u00e3o da cera.<\/p>\n<p><strong>Local de Origem:<\/strong>\u00a0Flores dos campos de alecrim do estado de Minas Gerais, Brasil.<\/p>\n<p><strong>Uso sugerido:<br \/>\nAdultos:<\/strong>\u00a0Tomar 10 a 20 gotas dilu\u00eddas em meio copo de suco de frutas ou \u00e1gua, 2 ou 3\u00a0vezes ao dia. Tamb\u00e9m se pode bochechar ou gargarejar com uma solu\u00e7\u00e3o de meio copo de \u00e1gua morna e 1 colher de ch\u00e1 de pr\u00f3polis.<br \/>\n<strong>Crian\u00e7as:<\/strong>\u00a0Tomar 5\u00a0a 10 gotas dilu\u00eddas em meio copo de suco de frutas ou \u00e1gua, 2 ou 3 vezes ao dia.<\/p>\n<ul>\n<li>Cont\u00e9m 20% do extrato seco da Pr\u00f3polis Silvestre<\/li>\n<li>Alcool de cereais<\/li>\n<li>Sem gl\u00faten<\/li>\n<\/ul>\n","protected":false},"excerpt":{"rendered":"<p>Composi\u00e7\u00e3o: Extrato de pr\u00f3polis silvestre dilu\u00eddo em \u00e1lcool de cereais. N\u00ba do produto: N\u00ba02 Conte\u00fado:\u00a030 ml Caracter\u00edsticas: Quando usado de forma t\u00f3pica promove r\u00e1pida cicatriza\u00e7\u00e3o de pequenos cortes, ferimentos leves e picadas de insetos. A cera da pr\u00f3polis forma uma pel\u00edcula\u00a0protetora sobre a pele evitando contamina\u00e7\u00e3o no local afetado. Produto fabricado com extrato de pr\u00f3polisContinue reading &rarr;<\/p>\n","protected":false},"featured_media":2913,"template":"","meta":[],"product_brand":[],"product_cat":[36],"product_tag":[32],"class_list":{"0":"post-2409","1":"product","2":"type-product","3":"status-publish","4":"has-post-thumbnail","6":"product_cat-extrato-de-propolis","7":"product_tag-propolis","8":"has-thumb","10":"first","11":"instock","12":"shipping-taxable","13":"product-type-external"},"_links":{"self":[{"href":"https:\/\/waxgreen.com.br\/br\/wp-json\/wp\/v2\/product\/2409","targetHints":{"allow":["GET"]}}],"collection":[{"href":"https:\/\/waxgreen.com.br\/br\/wp-json\/wp\/v2\/product"}],"about":[{"href":"https:\/\/waxgreen.com.br\/br\/wp-json\/wp\/v2\/types\/product"}],"wp:featuredmedia":[{"embeddable":true,"href":"https:\/\/waxgreen.com.br\/br\/wp-json\/wp\/v2\/media\/2913"}],"wp:attachment":[{"href":"https:\/\/waxgreen.com.br\/br\/wp-json\/wp\/v2\/media?parent=2409"}],"wp:term":[{"taxonomy":"product_brand","embeddable":true,"href":"https:\/\/waxgreen.com.br\/br\/wp-json\/wp\/v2\/product_brand?post=2409"},{"taxonomy":"product_cat","embeddable":true,"href":"https:\/\/waxgreen.com.br\/br\/wp-json\/wp\/v2\/product_cat?post=2409"},{"taxonomy":"product_tag","embeddable":true,"href":"https:\/\/waxgreen.com.br\/br\/wp-json\/wp\/v2\/product_tag?post=2409"}],"curies":[{"name":"wp","href":"https:\/\/api.w.org\/{rel}","templated":true}]}}