{"id":2464,"date":"2021-06-09T20:44:41","date_gmt":"2021-06-09T20:44:41","guid":{"rendered":"http:\/\/192.168.0.31\/wordpress\/?post_type=product&#038;p=2464"},"modified":"2022-02-07T17:51:06","modified_gmt":"2022-02-07T17:51:06","slug":"mel-flores-de-laranjeira-300g","status":"publish","type":"product","link":"https:\/\/waxgreen.com.br\/br\/produto\/mel-flores-de-laranjeira-300g\/","title":{"rendered":"Mel Florada Predominante Flores de Laranjeira 300g"},"content":{"rendered":"<p><strong>Composi\u00e7\u00e3o:<\/strong> Mel puro da flor de Laranjeira<br \/>\n<strong>N\u00ba do produto:<\/strong> N\u00ba74<br \/>\n<strong>Conte\u00fado:<\/strong>\u00a0300 g.<\/p>\n<h3>Caracter\u00edsticas:<\/h3>\n<p>O mel da flor de laranjeira \u00e9 considerado o mel mais suave e agrad\u00e1vel ao paladar, possui textura leve e colora\u00e7\u00e3o clara; traz consigo as virtudes calmantes da flor de laranjeira<br \/>\ne um frescor c\u00edtrico quando degustado.<\/p>\n<p><strong>Uso sugerido:<\/strong> Para ado\u00e7ar ch\u00e1s, no p\u00e3o e para cozinhar<\/p>\n","protected":false},"excerpt":{"rendered":"<p>Composi\u00e7\u00e3o: Mel puro da flor de Laranjeira N\u00ba do produto: N\u00ba74 Conte\u00fado:\u00a0300 g. Caracter\u00edsticas: O mel da flor de laranjeira \u00e9 considerado o mel mais suave e agrad\u00e1vel ao paladar, possui textura leve e colora\u00e7\u00e3o clara; traz consigo as virtudes calmantes da flor de laranjeira e um frescor c\u00edtrico quando degustado. Uso sugerido: Para ado\u00e7arContinue reading &rarr;<\/p>\n","protected":false},"featured_media":2502,"template":"","meta":[],"product_brand":[],"product_cat":[41],"product_tag":[],"class_list":{"0":"post-2464","1":"product","2":"type-product","3":"status-publish","4":"has-post-thumbnail","6":"product_cat-mel","7":"has-thumb","9":"first","10":"instock","11":"shipping-taxable","12":"product-type-external"},"_links":{"self":[{"href":"https:\/\/waxgreen.com.br\/br\/wp-json\/wp\/v2\/product\/2464","targetHints":{"allow":["GET"]}}],"collection":[{"href":"https:\/\/waxgreen.com.br\/br\/wp-json\/wp\/v2\/product"}],"about":[{"href":"https:\/\/waxgreen.com.br\/br\/wp-json\/wp\/v2\/types\/product"}],"wp:featuredmedia":[{"embeddable":true,"href":"https:\/\/waxgreen.com.br\/br\/wp-json\/wp\/v2\/media\/2502"}],"wp:attachment":[{"href":"https:\/\/waxgreen.com.br\/br\/wp-json\/wp\/v2\/media?parent=2464"}],"wp:term":[{"taxonomy":"product_brand","embeddable":true,"href":"https:\/\/waxgreen.com.br\/br\/wp-json\/wp\/v2\/product_brand?post=2464"},{"taxonomy":"product_cat","embeddable":true,"href":"https:\/\/waxgreen.com.br\/br\/wp-json\/wp\/v2\/product_cat?post=2464"},{"taxonomy":"product_tag","embeddable":true,"href":"https:\/\/waxgreen.com.br\/br\/wp-json\/wp\/v2\/product_tag?post=2464"}],"curies":[{"name":"wp","href":"https:\/\/api.w.org\/{rel}","templated":true}]}}