{"id":2465,"date":"2021-06-09T20:56:57","date_gmt":"2021-06-09T20:56:57","guid":{"rendered":"http:\/\/192.168.0.31\/wordpress\/?post_type=product&#038;p=2465"},"modified":"2022-02-07T18:04:51","modified_gmt":"2022-02-07T18:04:51","slug":"mel-com-propolis","status":"publish","type":"product","link":"https:\/\/waxgreen.com.br\/br\/produto\/mel-com-propolis\/","title":{"rendered":"Composto de Mel e Extrato de Pr\u00f3polis"},"content":{"rendered":"<p><strong>Composi\u00e7\u00e3o:<\/strong> Mel pura com pr\u00f3polis.<br \/>\n<strong>N\u00ba do produto:<\/strong> N\u00ba77<br \/>\n<strong>Conte\u00fado:<\/strong> 290 g.<\/p>\n<h3>Caracter\u00edsticas:<\/h3>\n<p>Co-adjuvante ideal para o tratamento de gripes, resfriados, tosse e pigarros na garganta. Indispens\u00e1vel para tratar irrita\u00e7\u00f5es das vias respirat\u00f3rias t\u00edpicas de pessoas fumantes.<\/p>\n<p><strong>Uso sugerido:<\/strong> Para ado\u00e7ar ch\u00e1s,ou puro para tratar problemas nas vias respirat\u00f3rias e fortalecer o sist\u00e9ma imunol\u00f3gico.<\/p>\n","protected":false},"excerpt":{"rendered":"<p>Composi\u00e7\u00e3o: Mel pura com pr\u00f3polis. N\u00ba do produto: N\u00ba77 Conte\u00fado: 290 g. Caracter\u00edsticas: Co-adjuvante ideal para o tratamento de gripes, resfriados, tosse e pigarros na garganta. Indispens\u00e1vel para tratar irrita\u00e7\u00f5es das vias respirat\u00f3rias t\u00edpicas de pessoas fumantes. Uso sugerido: Para ado\u00e7ar ch\u00e1s,ou puro para tratar problemas nas vias respirat\u00f3rias e fortalecer o sist\u00e9ma imunol\u00f3gico.<\/p>\n","protected":false},"featured_media":2506,"template":"","meta":[],"product_brand":[],"product_cat":[41],"product_tag":[],"class_list":{"0":"post-2465","1":"product","2":"type-product","3":"status-publish","4":"has-post-thumbnail","6":"product_cat-mel","7":"has-thumb","9":"first","10":"instock","11":"shipping-taxable","12":"product-type-external"},"_links":{"self":[{"href":"https:\/\/waxgreen.com.br\/br\/wp-json\/wp\/v2\/product\/2465","targetHints":{"allow":["GET"]}}],"collection":[{"href":"https:\/\/waxgreen.com.br\/br\/wp-json\/wp\/v2\/product"}],"about":[{"href":"https:\/\/waxgreen.com.br\/br\/wp-json\/wp\/v2\/types\/product"}],"wp:featuredmedia":[{"embeddable":true,"href":"https:\/\/waxgreen.com.br\/br\/wp-json\/wp\/v2\/media\/2506"}],"wp:attachment":[{"href":"https:\/\/waxgreen.com.br\/br\/wp-json\/wp\/v2\/media?parent=2465"}],"wp:term":[{"taxonomy":"product_brand","embeddable":true,"href":"https:\/\/waxgreen.com.br\/br\/wp-json\/wp\/v2\/product_brand?post=2465"},{"taxonomy":"product_cat","embeddable":true,"href":"https:\/\/waxgreen.com.br\/br\/wp-json\/wp\/v2\/product_cat?post=2465"},{"taxonomy":"product_tag","embeddable":true,"href":"https:\/\/waxgreen.com.br\/br\/wp-json\/wp\/v2\/product_tag?post=2465"}],"curies":[{"name":"wp","href":"https:\/\/api.w.org\/{rel}","templated":true}]}}