{"id":2468,"date":"2021-06-09T21:06:22","date_gmt":"2021-06-09T21:06:22","guid":{"rendered":"http:\/\/192.168.0.31\/wordpress\/?post_type=product&#038;p=2468"},"modified":"2021-06-10T18:03:36","modified_gmt":"2021-06-10T18:03:36","slug":"mel-com-agriao-propolis-e-eucalipto","status":"publish","type":"product","link":"https:\/\/waxgreen.com.br\/br\/produto\/mel-com-agriao-propolis-e-eucalipto\/","title":{"rendered":"Mel com Agri\u00e3o, Pr\u00f3polis e Eucal\u00edpto"},"content":{"rendered":"<p><strong>Composi\u00e7\u00e3o:<\/strong> Composto de mel e extrato de pr\u00f3polis, sabores agri\u00e3o e\u00a0 eucal\u00edpto.<br \/>\n<strong>N\u00ba do produto:<\/strong> N\u00ba78<br \/>\n<strong>Conte\u00fado:<\/strong> 290 g.<\/p>\n<h3>Caracter\u00edsticas:<\/h3>\n<p>Excelente composto capaz de amenizar chiadeiras no peito, rouquid\u00e3o e tosses rebeldes. As virtudes energ\u00e9ticas do mel puro associadas ao extrato de agri\u00e3o, reconhecido pela a\u00e7\u00e3o<br \/>\nfluidificante das vias respirat\u00f3rias; ao extrato de eucalipto, que age como antic\u00e9ptico natural; e \u00e0 Pr\u00f3polis, antibi\u00f3tico natural, fazem deste produto um excelente auxiliar para osmales do trato respirat\u00f3rio.<\/p>\n<p><strong>Uso sugerido:<\/strong> Para ado\u00e7ar ch\u00e1s,ou puro para tratar problemas nas vias respirat\u00f3rias e fortalecer o sist\u00e9ma imunol\u00f3gico.<\/p>\n","protected":false},"excerpt":{"rendered":"<p>Composi\u00e7\u00e3o: Composto de mel e extrato de pr\u00f3polis, sabores agri\u00e3o e\u00a0 eucal\u00edpto. N\u00ba do produto: N\u00ba78 Conte\u00fado: 290 g. Caracter\u00edsticas: Excelente composto capaz de amenizar chiadeiras no peito, rouquid\u00e3o e tosses rebeldes. As virtudes energ\u00e9ticas do mel puro associadas ao extrato de agri\u00e3o, reconhecido pela a\u00e7\u00e3o fluidificante das vias respirat\u00f3rias; ao extrato de eucalipto, queContinue reading &rarr;<\/p>\n","protected":false},"featured_media":2505,"template":"","meta":[],"product_brand":[],"product_cat":[41],"product_tag":[],"class_list":{"0":"post-2468","1":"product","2":"type-product","3":"status-publish","4":"has-post-thumbnail","6":"product_cat-mel","7":"has-thumb","9":"first","10":"instock","11":"shipping-taxable","12":"product-type-external"},"_links":{"self":[{"href":"https:\/\/waxgreen.com.br\/br\/wp-json\/wp\/v2\/product\/2468","targetHints":{"allow":["GET"]}}],"collection":[{"href":"https:\/\/waxgreen.com.br\/br\/wp-json\/wp\/v2\/product"}],"about":[{"href":"https:\/\/waxgreen.com.br\/br\/wp-json\/wp\/v2\/types\/product"}],"wp:featuredmedia":[{"embeddable":true,"href":"https:\/\/waxgreen.com.br\/br\/wp-json\/wp\/v2\/media\/2505"}],"wp:attachment":[{"href":"https:\/\/waxgreen.com.br\/br\/wp-json\/wp\/v2\/media?parent=2468"}],"wp:term":[{"taxonomy":"product_brand","embeddable":true,"href":"https:\/\/waxgreen.com.br\/br\/wp-json\/wp\/v2\/product_brand?post=2468"},{"taxonomy":"product_cat","embeddable":true,"href":"https:\/\/waxgreen.com.br\/br\/wp-json\/wp\/v2\/product_cat?post=2468"},{"taxonomy":"product_tag","embeddable":true,"href":"https:\/\/waxgreen.com.br\/br\/wp-json\/wp\/v2\/product_tag?post=2468"}],"curies":[{"name":"wp","href":"https:\/\/api.w.org\/{rel}","templated":true}]}}