{"id":2473,"date":"2021-06-09T21:13:01","date_gmt":"2021-06-09T21:13:01","guid":{"rendered":"http:\/\/192.168.0.31\/wordpress\/?post_type=product&#038;p=2473"},"modified":"2021-06-20T16:11:34","modified_gmt":"2021-06-20T16:11:34","slug":"mel-organico","status":"publish","type":"product","link":"https:\/\/waxgreen.com.br\/br\/produto\/mel-organico\/","title":{"rendered":"Mel Org\u00e2nico"},"content":{"rendered":"<p><strong>Composi\u00e7\u00e3o:<\/strong> Mel Silvestre<br \/>\n<strong>N\u00ba do produto:<\/strong> N\u00ba52<br \/>\n<strong>Conte\u00fado:<\/strong> 300g<\/p>\n<h3>Caracter\u00edsticas:<\/h3>\n<p>Mel Orga\u0302nico Wax Green e\u0301coletado emregio\u0303es onde predominam plantas silvestres na\u0303o contaminadas por agroto\u0301xicos.<\/p>\n<p><strong>Uso sugerido:<\/strong> Para ado\u00e7ar ch\u00e1s, no p\u00e3o e para cozinhar<\/p>\n","protected":false},"excerpt":{"rendered":"<p>Composi\u00e7\u00e3o: Mel Silvestre N\u00ba do produto: N\u00ba52 Conte\u00fado: 300g Caracter\u00edsticas: Mel Orga\u0302nico Wax Green e\u0301coletado emregio\u0303es onde predominam plantas silvestres na\u0303o contaminadas por agroto\u0301xicos. Uso sugerido: Para ado\u00e7ar ch\u00e1s, no p\u00e3o e para cozinhar<\/p>\n","protected":false},"featured_media":2504,"template":"","meta":[],"product_brand":[],"product_cat":[41],"product_tag":[],"class_list":{"0":"post-2473","1":"product","2":"type-product","3":"status-publish","4":"has-post-thumbnail","6":"product_cat-mel","7":"has-thumb","9":"first","10":"instock","11":"featured","12":"shipping-taxable","13":"product-type-simple"},"_links":{"self":[{"href":"https:\/\/waxgreen.com.br\/br\/wp-json\/wp\/v2\/product\/2473","targetHints":{"allow":["GET"]}}],"collection":[{"href":"https:\/\/waxgreen.com.br\/br\/wp-json\/wp\/v2\/product"}],"about":[{"href":"https:\/\/waxgreen.com.br\/br\/wp-json\/wp\/v2\/types\/product"}],"wp:featuredmedia":[{"embeddable":true,"href":"https:\/\/waxgreen.com.br\/br\/wp-json\/wp\/v2\/media\/2504"}],"wp:attachment":[{"href":"https:\/\/waxgreen.com.br\/br\/wp-json\/wp\/v2\/media?parent=2473"}],"wp:term":[{"taxonomy":"product_brand","embeddable":true,"href":"https:\/\/waxgreen.com.br\/br\/wp-json\/wp\/v2\/product_brand?post=2473"},{"taxonomy":"product_cat","embeddable":true,"href":"https:\/\/waxgreen.com.br\/br\/wp-json\/wp\/v2\/product_cat?post=2473"},{"taxonomy":"product_tag","embeddable":true,"href":"https:\/\/waxgreen.com.br\/br\/wp-json\/wp\/v2\/product_tag?post=2473"}],"curies":[{"name":"wp","href":"https:\/\/api.w.org\/{rel}","templated":true}]}}