{"id":2814,"date":"2021-12-08T15:54:48","date_gmt":"2021-12-08T15:54:48","guid":{"rendered":"https:\/\/brnew.waxgreen.com.br\/?post_type=product&#038;p=2814"},"modified":"2021-12-08T16:43:42","modified_gmt":"2021-12-08T16:43:42","slug":"propolis-gold-70","status":"publish","type":"product","link":"https:\/\/waxgreen.com.br\/br\/produto\/propolis-gold-70\/","title":{"rendered":"Pr\u00f3polis Gold 70"},"content":{"rendered":"<p><strong>Composi\u00e7\u00e3o:<\/strong> Extrato de pr\u00f3polis verde dilu\u00eddo em \u00e1lcool de cereais.<br \/>\n<strong>N\u00ba do produto:<\/strong> N\u00ba59<br \/>\n<strong>Conte\u00fado:<\/strong> 30ml<br \/>\n<strong>Extrato seco:<\/strong> 38%<\/p>\n<h3>Caracter\u00edsticas:<\/h3>\n<p>O Wax Free 70 Gold, produto \u201cTop de Linha\u201d da Wax Green, possui nossa mais alta concentra\u00e7\u00e3o de extrato seco. Aprimoramos a sua f\u00f3rmula aumentando para 9% o Artepillin-C, subst\u00e2ncia respons\u00e1vel pela inibi\u00e7\u00e3o e diminui\u00e7\u00e3o de c\u00e9lulas tumorais. N\u00e3o h\u00e1 produto no mercado que ostente \u00edndices t\u00e3o altos desta subst\u00e2ncia.<\/p>\n<p>O Wax Free 70 Gold \u00e9 indicado para auxiliar no tratamento de doen\u00e7as graves como pneumonia, tuberculose, \u00falceras, les\u00f5es de herpes, influenza e pode ser eficaz em minimizar os efeitos devastadores da radioterapia e quimioterapia. Todos os males que acometem o trato respirat\u00f3rio e o trato digestivo podem ser debelados com o seu uso. Crises de doen\u00e7as cr\u00f4nicas como a hipertens\u00e3o arterial, artrite, AIDS (HIV), Herpes (HSV), podem ser minimizadas com o uso do Wax Free 70 Gold. Passada a crise, \u00e9 recomend\u00e1vel continuar a manuten\u00e7\u00e3o do sistema imunol\u00f3gico com doses di\u00e1rias da Pr\u00f3polis Wax Free 35 Blue.<\/p>\n<p>A alta concentra\u00e7\u00e3o de extrato seco faz com que o Wax Free 70 Gold seja muito eficaz em casos de infec\u00e7\u00f5es cr\u00f4nicas que n\u00e3o respondam mais \u00e0 a\u00e7\u00e3o de antibi\u00f3ticos. A Pr\u00f3polis tamb\u00e9m \u00e9 um poderoso antic\u00e9ptico natural que pode ajudar a combater infec\u00e7\u00f5es hospitalares. Pacientes com cirurgia marcada podem come\u00e7ar a tomar Pr\u00f3polis algumas semanas antes para fortalecer o sistema imunol\u00f3gico.<\/p>\n<p><strong>Sugest\u00e3o de Uso:<\/strong><\/p>\n<p>Adultos: 20 gotas dilu\u00eddas em suco de frutas ou \u00e1gua 2 a 3 vezes ao dia.<br \/>\nCrian\u00e7as at\u00e9 12 anos: 10 gotas com suco de frutas ou misturadas com mel 2 a 3 vezes ao dia. O mel deixar\u00e1 a pr\u00f3polis mais palat\u00e1vel para as crian\u00e7as.<\/p>\n<p>Para as afec\u00e7\u00f5es da pele, pode-se misturar 1 ou 2 gotas \u00e0 pomada prescrita pelo m\u00e9dico com um cotonete e aplicar no local afetado seguindo as instru\u00e7\u00f5es do fabricante da pomada.<\/p>\n<p><strong>ADVERT\u00caNCIA:<\/strong> A Pr\u00f3polis n\u00e3o deve substituir, em nenhuma circunst\u00e2ncia, a medica\u00e7\u00e3o prescrita pelo seu m\u00e9dico. Se houver rea\u00e7\u00e3o al\u00e9rgica, interrompa o uso imediatamente.<\/p>\n","protected":false},"excerpt":{"rendered":"<p>Composi\u00e7\u00e3o: Extrato de pr\u00f3polis verde dilu\u00eddo em \u00e1lcool de cereais. N\u00ba do produto: N\u00ba59 Conte\u00fado: 30ml Extrato seco: 38% Caracter\u00edsticas: O Wax Free 70 Gold, produto \u201cTop de Linha\u201d da Wax Green, possui nossa mais alta concentra\u00e7\u00e3o de extrato seco. Aprimoramos a sua f\u00f3rmula aumentando para 9% o Artepillin-C, subst\u00e2ncia respons\u00e1vel pela inibi\u00e7\u00e3o e diminui\u00e7\u00e3oContinue reading &rarr;<\/p>\n","protected":false},"featured_media":2818,"template":"","meta":[],"product_brand":[],"product_cat":[33],"product_tag":[],"class_list":{"0":"post-2814","1":"product","2":"type-product","3":"status-publish","4":"has-post-thumbnail","6":"product_cat-propolis","7":"has-thumb","9":"first","10":"instock","11":"shipping-taxable","12":"product-type-simple"},"_links":{"self":[{"href":"https:\/\/waxgreen.com.br\/br\/wp-json\/wp\/v2\/product\/2814","targetHints":{"allow":["GET"]}}],"collection":[{"href":"https:\/\/waxgreen.com.br\/br\/wp-json\/wp\/v2\/product"}],"about":[{"href":"https:\/\/waxgreen.com.br\/br\/wp-json\/wp\/v2\/types\/product"}],"wp:featuredmedia":[{"embeddable":true,"href":"https:\/\/waxgreen.com.br\/br\/wp-json\/wp\/v2\/media\/2818"}],"wp:attachment":[{"href":"https:\/\/waxgreen.com.br\/br\/wp-json\/wp\/v2\/media?parent=2814"}],"wp:term":[{"taxonomy":"product_brand","embeddable":true,"href":"https:\/\/waxgreen.com.br\/br\/wp-json\/wp\/v2\/product_brand?post=2814"},{"taxonomy":"product_cat","embeddable":true,"href":"https:\/\/waxgreen.com.br\/br\/wp-json\/wp\/v2\/product_cat?post=2814"},{"taxonomy":"product_tag","embeddable":true,"href":"https:\/\/waxgreen.com.br\/br\/wp-json\/wp\/v2\/product_tag?post=2814"}],"curies":[{"name":"wp","href":"https:\/\/api.w.org\/{rel}","templated":true}]}}