{"id":2819,"date":"2021-12-08T16:57:21","date_gmt":"2021-12-08T16:57:21","guid":{"rendered":"https:\/\/brnew.waxgreen.com.br\/?post_type=product&#038;p=2819"},"modified":"2025-06-13T12:38:53","modified_gmt":"2025-06-13T12:38:53","slug":"gold-propolis-sofgel-capsules","status":"publish","type":"product","link":"https:\/\/waxgreen.com.br\/br\/produto\/gold-propolis-sofgel-capsules\/","title":{"rendered":"Gold Propolis Sofgel Capsules"},"content":{"rendered":"<p><strong>Composi\u00e7\u00e3o:<\/strong>\u00a0Extrato de pr\u00f3polis em solu\u00e7\u00e3o oleosa<br \/>\n<strong>N\u00ba do produto:<\/strong> N\u00ba91<br \/>\n<strong>Conte\u00fado: c\u00e1psulas<\/strong> de 90 x 500 mg.<br \/>\n<strong>Extrato Seco:<\/strong> 87%<br \/>\n<strong>\u00d3leo de Linha\u00e7a Extra Virgem (\u00d4MEGA 3):<\/strong>\u00a010%<br \/>\n<strong>N\u00e3o cont\u00e9m \u00e1lcool<\/strong><\/p>\n<h3>Caracter\u00edsticas:<\/h3>\n<p>A Pr\u00f3polis Extra Green, utilizada na fabrica\u00e7\u00e3o da C\u00e1psula de Pr\u00f3polis Gold, \u00e9 conhecida por seus efeitos ben\u00e9ficos junto ao sistema imune humano, pois promove seu fortalecimento, devido as suas propriedades anti-inflamat\u00f3rias, antivirais, antif\u00fangicas e antioxidantes.<\/p>\n<p>Imunidade baixa abre portas para in\u00fameras doen\u00e7as, mas a mais temida \u00e9 o c\u00e2ncer, que se caracteriza pela multiplica\u00e7\u00e3o desordenada de c\u00e9lulas formando tumores. Pesquisas cient\u00edficas indicam que a Pr\u00f3polis \u00e9 capaz de desativar este mecanismo danoso e reorganizar a divis\u00e3o celular. O Artepellin-C de pr\u00f3polis brasileiras foi investigado no Jap\u00e3o e os resultados apontam que ele \u00e9 a subst\u00e2ncia essencial neste processo.<\/p>\n<p>http:\/\/www.greenmedinfo.com\/blog\/extreme-anticancer-potential-propolis<\/p>\n<p>Adicionamos \u00f3leo de linha\u00e7a extra virgem \u00e0s c\u00e1psulas de Pr\u00f3polis Gold por ser rico em \u00d4mega 3. O \u00d4mega 3 ganhou a aten\u00e7\u00e3o de cientistas, ap\u00f3s a descoberta da baixa incid\u00eancia de doen\u00e7as cardiovasculares entre os esquim\u00f3s, cuja dieta \u00e9 rica em gorduras devido ao consumo de peixes.<\/p>\n<p>A combina\u00e7\u00e3o do \u00d4mega 3 com a Pr\u00f3polis Extra Green, nas C\u00e1psulas de Pr\u00f3polis Gold Wax Green v\u00eam preencher uma lacuna importante dentro do mercado da suplementa\u00e7\u00e3o alimentar.<\/p>\n<p>O uso di\u00e1rio das c\u00e1psulas Gold aliado a uma dieta saud\u00e1vel, previne o envelhecimento, normaliza as fun\u00e7\u00f5es hep\u00e1ticas e pancre\u00e1ticas, al\u00e9m de ser um poderoso coadjuvante no tratamento de doen\u00e7as graves como a pneumonia, tuberculose e \u00falceras; minimiza os efeitos delet\u00e9rios da radioterapia e quimioterapia.<\/p>\n<p><strong>Local de Origem:<\/strong> Flores dos campos de alecrim do estado de Minas Gerais, Brasil.<\/p>\n<p><strong>Uso sugerido:<br \/>\n<\/strong><strong>Preventivo:<\/strong>\u00a01 c\u00e1psula por dia antes do desjejum.<br \/>\n<strong>Doen\u00e7as Graves:<\/strong>\u00a01 c\u00e1psulas 3 vezes ao dia, antes das principais refei\u00e7\u00f5es.<\/p>\n","protected":false},"excerpt":{"rendered":"<p>Composi\u00e7\u00e3o:\u00a0Extrato de pr\u00f3polis em solu\u00e7\u00e3o oleosa N\u00ba do produto: N\u00ba91 Conte\u00fado: c\u00e1psulas de 90 x 500 mg. Extrato Seco: 87% \u00d3leo de Linha\u00e7a Extra Virgem (\u00d4MEGA 3):\u00a010% N\u00e3o cont\u00e9m \u00e1lcool Caracter\u00edsticas: A Pr\u00f3polis Extra Green, utilizada na fabrica\u00e7\u00e3o da C\u00e1psula de Pr\u00f3polis Gold, \u00e9 conhecida por seus efeitos ben\u00e9ficos junto ao sistema imune humano, poisContinue reading &rarr;<\/p>\n","protected":false},"featured_media":2824,"template":"","meta":[],"product_brand":[],"product_cat":[33],"product_tag":[],"class_list":{"0":"post-2819","1":"product","2":"type-product","3":"status-publish","4":"has-post-thumbnail","6":"product_cat-propolis","7":"has-thumb","9":"first","10":"instock","11":"shipping-taxable","12":"product-type-simple"},"_links":{"self":[{"href":"https:\/\/waxgreen.com.br\/br\/wp-json\/wp\/v2\/product\/2819","targetHints":{"allow":["GET"]}}],"collection":[{"href":"https:\/\/waxgreen.com.br\/br\/wp-json\/wp\/v2\/product"}],"about":[{"href":"https:\/\/waxgreen.com.br\/br\/wp-json\/wp\/v2\/types\/product"}],"wp:featuredmedia":[{"embeddable":true,"href":"https:\/\/waxgreen.com.br\/br\/wp-json\/wp\/v2\/media\/2824"}],"wp:attachment":[{"href":"https:\/\/waxgreen.com.br\/br\/wp-json\/wp\/v2\/media?parent=2819"}],"wp:term":[{"taxonomy":"product_brand","embeddable":true,"href":"https:\/\/waxgreen.com.br\/br\/wp-json\/wp\/v2\/product_brand?post=2819"},{"taxonomy":"product_cat","embeddable":true,"href":"https:\/\/waxgreen.com.br\/br\/wp-json\/wp\/v2\/product_cat?post=2819"},{"taxonomy":"product_tag","embeddable":true,"href":"https:\/\/waxgreen.com.br\/br\/wp-json\/wp\/v2\/product_tag?post=2819"}],"curies":[{"name":"wp","href":"https:\/\/api.w.org\/{rel}","templated":true}]}}