{"id":2825,"date":"2021-12-08T17:07:07","date_gmt":"2021-12-08T17:07:07","guid":{"rendered":"https:\/\/brnew.waxgreen.com.br\/?post_type=product&#038;p=2825"},"modified":"2024-08-22T15:31:19","modified_gmt":"2024-08-22T15:31:19","slug":"spray-honey-and-propolis-extract","status":"publish","type":"product","link":"https:\/\/waxgreen.com.br\/br\/produto\/spray-honey-and-propolis-extract\/","title":{"rendered":"Spray Honey and Propolis Extract"},"content":{"rendered":"<p><strong>Composi\u00e7\u00e3o:<\/strong> Extrato de Pr\u00f3polis, \u00e1gua desionizada, mel e mentha.<br \/>\n<strong>N\u00ba do produto:<\/strong> N\u00ba06<br \/>\n<strong>Conte\u00fado:<\/strong>\u00a030 ml<br \/>\n<strong>Extrato Seco:<\/strong> 20%<\/p>\n<h3>Caracter\u00edsticas:<\/h3>\n<p>\u00c9 excelente para auxiliar no tratamento da dor de garganta, tosses rebeldes, gengivite, aftas e halitose, males que se agravam pelo consumo de cigarros.\u00a0Adicionamos extrato de menta para que, al\u00e9m dos benef\u00edcios naturais da pr\u00f3polis, seja garantido um h\u00e1lito refrescante e duradouro.\u00a0\u00c9 igualmente indicado para uso infantil.<\/p>\n<p><strong>Local de Origem:<\/strong>\u00a0Flores dos campos de alecrim do estado de Minas Gerais, Brasil.<\/p>\n<p><strong>Uso sugerido:<br \/>\nAdultos e Crian\u00e7as:<\/strong>\u00a0Borrifar o produto diretamente na garganta de 3 a 6 vezes ao dia<\/p>\n<ul>\n<li>Sem gl\u00faten<\/li>\n<\/ul>\n","protected":false},"excerpt":{"rendered":"<p>Composi\u00e7\u00e3o: Extrato de Pr\u00f3polis, \u00e1gua desionizada, mel e mentha. N\u00ba do produto: N\u00ba06 Conte\u00fado:\u00a030 ml Extrato Seco: 20% Caracter\u00edsticas: \u00c9 excelente para auxiliar no tratamento da dor de garganta, tosses rebeldes, gengivite, aftas e halitose, males que se agravam pelo consumo de cigarros.\u00a0Adicionamos extrato de menta para que, al\u00e9m dos benef\u00edcios naturais da pr\u00f3polis, sejaContinue reading &rarr;<\/p>\n","protected":false},"featured_media":2826,"template":"","meta":[],"product_brand":[],"product_cat":[33],"product_tag":[],"class_list":{"0":"post-2825","1":"product","2":"type-product","3":"status-publish","4":"has-post-thumbnail","6":"product_cat-propolis","7":"has-thumb","9":"first","10":"instock","11":"shipping-taxable","12":"product-type-simple"},"_links":{"self":[{"href":"https:\/\/waxgreen.com.br\/br\/wp-json\/wp\/v2\/product\/2825","targetHints":{"allow":["GET"]}}],"collection":[{"href":"https:\/\/waxgreen.com.br\/br\/wp-json\/wp\/v2\/product"}],"about":[{"href":"https:\/\/waxgreen.com.br\/br\/wp-json\/wp\/v2\/types\/product"}],"wp:featuredmedia":[{"embeddable":true,"href":"https:\/\/waxgreen.com.br\/br\/wp-json\/wp\/v2\/media\/2826"}],"wp:attachment":[{"href":"https:\/\/waxgreen.com.br\/br\/wp-json\/wp\/v2\/media?parent=2825"}],"wp:term":[{"taxonomy":"product_brand","embeddable":true,"href":"https:\/\/waxgreen.com.br\/br\/wp-json\/wp\/v2\/product_brand?post=2825"},{"taxonomy":"product_cat","embeddable":true,"href":"https:\/\/waxgreen.com.br\/br\/wp-json\/wp\/v2\/product_cat?post=2825"},{"taxonomy":"product_tag","embeddable":true,"href":"https:\/\/waxgreen.com.br\/br\/wp-json\/wp\/v2\/product_tag?post=2825"}],"curies":[{"name":"wp","href":"https:\/\/api.w.org\/{rel}","templated":true}]}}