{"id":2874,"date":"2022-06-19T16:50:46","date_gmt":"2022-06-19T16:50:46","guid":{"rendered":"https:\/\/waxgreen.com.br\/br\/?post_type=product&#038;p=2874"},"modified":"2022-06-19T17:33:58","modified_gmt":"2022-06-19T17:33:58","slug":"propolis-in-natura","status":"publish","type":"product","link":"https:\/\/waxgreen.com.br\/br\/produto\/propolis-in-natura\/","title":{"rendered":"Pr\u00f3polis in Natura"},"content":{"rendered":"<p><strong>Composi\u00e7\u00e3o:<\/strong> Pr\u00f3polis verde in natura<br \/>\n<strong>N\u00ba do produto:<\/strong> N\u00ba<br \/>\n<strong>Conte\u00fado: <\/strong>de 90 x 500 mg.<br \/>\n<strong>Extrato Seco:<\/strong> 100%<\/p>\n<p><strong>Caracter\u00edsticas:<\/strong><\/p>\n<p>A Pr\u00f3polis Extra Green, utilizada na fabrica\u00e7\u00e3o da C\u00e1psula de Pr\u00f3polis Gold, \u00e9 conhecida por seus efeitos ben\u00e9ficos junto ao sistema imune humano, pois promove seu fortalecimento, devido as suas propriedades anti-inflamat\u00f3rias, antivirais, antif\u00fangicas e antioxidantes.<\/p>\n<p>Imunidade baixa abre portas para in\u00fameras doen\u00e7as, mas a mais temida \u00e9 o c\u00e2ncer, que se caracteriza pela multiplica\u00e7\u00e3o desordenada de c\u00e9lulas formando tumores. Pesquisas cient\u00edficas indicam que a Pr\u00f3polis \u00e9 capaz de desativar este mecanismo danoso e reorganizar a divis\u00e3o celular. O Artepellin-C de pr\u00f3polis brasileiras foi investigado no Jap\u00e3o e os resultados apontam que ele \u00e9 a subst\u00e2ncia essencial neste processo.<\/p>\n<p>http:\/\/www.greenmedinfo.com\/blog\/extreme-anticancer-potential-propolis<\/p>\n<p>Adicionamos \u00f3leo de linha\u00e7a extra virgem \u00e0s c\u00e1psulas de Pr\u00f3polis Gold por ser rico em \u00d4mega 3. O \u00d4mega 3 ganhou a aten\u00e7\u00e3o de cientistas, ap\u00f3s a descoberta da baixa incid\u00eancia de doen\u00e7as cardiovasculares entre os esquim\u00f3s, cuja dieta \u00e9 rica em gorduras devido ao consumo de peixes.<\/p>\n<p>A combina\u00e7\u00e3o do \u00d4mega 3 com a Pr\u00f3polis Extra Green, nas C\u00e1psulas de Pr\u00f3polis Gold Wax Green v\u00eam preencher uma lacuna importante dentro do mercado da suplementa\u00e7\u00e3o alimentar.<\/p>\n<p>O uso di\u00e1rio das c\u00e1psulas Gold aliado a uma dieta saud\u00e1vel, previne o envelhecimento, normaliza as fun\u00e7\u00f5es hep\u00e1ticas e pancre\u00e1ticas, al\u00e9m de ser um poderoso coadjuvante no tratamento de doen\u00e7as graves como a pneumonia, tuberculose e \u00falceras; minimiza os efeitos delet\u00e9rios da radioterapia e quimioterapia.<\/p>\n<p><strong>Local de Origem:<\/strong> Flores dos campos de alecrim do estado de Minas Gerais, Brasil.<\/p>\n","protected":false},"excerpt":{"rendered":"<p>Composi\u00e7\u00e3o: Pr\u00f3polis verde in natura N\u00ba do produto: N\u00ba Conte\u00fado: de 90 x 500 mg. Extrato Seco: 100% Caracter\u00edsticas: A Pr\u00f3polis Extra Green, utilizada na fabrica\u00e7\u00e3o da C\u00e1psula de Pr\u00f3polis Gold, \u00e9 conhecida por seus efeitos ben\u00e9ficos junto ao sistema imune humano, pois promove seu fortalecimento, devido as suas propriedades anti-inflamat\u00f3rias, antivirais, antif\u00fangicas e antioxidantes.Continue reading &rarr;<\/p>\n","protected":false},"featured_media":2875,"template":"","meta":[],"product_brand":[],"product_cat":[29],"product_tag":[],"class_list":{"0":"post-2874","1":"product","2":"type-product","3":"status-publish","4":"has-post-thumbnail","6":"product_cat-sem-categoria","7":"has-thumb","9":"first","10":"instock","11":"shipping-taxable","12":"product-type-external"},"_links":{"self":[{"href":"https:\/\/waxgreen.com.br\/br\/wp-json\/wp\/v2\/product\/2874","targetHints":{"allow":["GET"]}}],"collection":[{"href":"https:\/\/waxgreen.com.br\/br\/wp-json\/wp\/v2\/product"}],"about":[{"href":"https:\/\/waxgreen.com.br\/br\/wp-json\/wp\/v2\/types\/product"}],"wp:featuredmedia":[{"embeddable":true,"href":"https:\/\/waxgreen.com.br\/br\/wp-json\/wp\/v2\/media\/2875"}],"wp:attachment":[{"href":"https:\/\/waxgreen.com.br\/br\/wp-json\/wp\/v2\/media?parent=2874"}],"wp:term":[{"taxonomy":"product_brand","embeddable":true,"href":"https:\/\/waxgreen.com.br\/br\/wp-json\/wp\/v2\/product_brand?post=2874"},{"taxonomy":"product_cat","embeddable":true,"href":"https:\/\/waxgreen.com.br\/br\/wp-json\/wp\/v2\/product_cat?post=2874"},{"taxonomy":"product_tag","embeddable":true,"href":"https:\/\/waxgreen.com.br\/br\/wp-json\/wp\/v2\/product_tag?post=2874"}],"curies":[{"name":"wp","href":"https:\/\/api.w.org\/{rel}","templated":true}]}}