{"id":2877,"date":"2022-06-19T17:50:37","date_gmt":"2022-06-19T17:50:37","guid":{"rendered":"https:\/\/waxgreen.com.br\/br\/?post_type=product&#038;p=2877"},"modified":"2022-06-22T19:21:09","modified_gmt":"2022-06-22T19:21:09","slug":"mel-florada-predominante-flores-de-laranjeira-em-balde","status":"publish","type":"product","link":"https:\/\/waxgreen.com.br\/br\/produto\/mel-florada-predominante-flores-de-laranjeira-em-balde\/","title":{"rendered":"Mel Florada Predominante Flores de Laranjeira em Balde"},"content":{"rendered":"<p><strong>Composi\u00e7\u00e3o:<\/strong> Mel puro da flor de Laranjeira<br \/>\n<strong>N\u00ba do produto:<\/strong> N\u00ba11<br \/>\n<strong>Conte\u00fado: <\/strong>1kg, 5kg, 10kg<\/p>\n<h3>Caracter\u00edsticas:<\/h3>\n<p>O mel da flor de laranjeira \u00e9 considerado o mel mais suave e agrad\u00e1vel ao paladar, possui textura leve e colora\u00e7\u00e3o clara; traz consigo as virtudes calmantes da flor de laranjeira<br \/>\ne um frescor c\u00edtrico quando degustado.<\/p>\n<p><strong>Uso sugerido:<\/strong> Para ado\u00e7ar ch\u00e1s, no p\u00e3o e para cozinhar<\/p>\n","protected":false},"excerpt":{"rendered":"<p>Composi\u00e7\u00e3o: Mel puro da flor de Laranjeira N\u00ba do produto: N\u00ba11 Conte\u00fado: 1kg, 5kg, 10kg Caracter\u00edsticas: O mel da flor de laranjeira \u00e9 considerado o mel mais suave e agrad\u00e1vel ao paladar, possui textura leve e colora\u00e7\u00e3o clara; traz consigo as virtudes calmantes da flor de laranjeira e um frescor c\u00edtrico quando degustado. Uso sugerido:Continue reading &rarr;<\/p>\n","protected":false},"featured_media":2880,"template":"","meta":[],"product_brand":[],"product_cat":[41],"product_tag":[],"class_list":{"0":"post-2877","1":"product","2":"type-product","3":"status-publish","4":"has-post-thumbnail","6":"product_cat-mel","7":"has-thumb","9":"first","10":"instock","11":"shipping-taxable","12":"product-type-external"},"_links":{"self":[{"href":"https:\/\/waxgreen.com.br\/br\/wp-json\/wp\/v2\/product\/2877","targetHints":{"allow":["GET"]}}],"collection":[{"href":"https:\/\/waxgreen.com.br\/br\/wp-json\/wp\/v2\/product"}],"about":[{"href":"https:\/\/waxgreen.com.br\/br\/wp-json\/wp\/v2\/types\/product"}],"wp:featuredmedia":[{"embeddable":true,"href":"https:\/\/waxgreen.com.br\/br\/wp-json\/wp\/v2\/media\/2880"}],"wp:attachment":[{"href":"https:\/\/waxgreen.com.br\/br\/wp-json\/wp\/v2\/media?parent=2877"}],"wp:term":[{"taxonomy":"product_brand","embeddable":true,"href":"https:\/\/waxgreen.com.br\/br\/wp-json\/wp\/v2\/product_brand?post=2877"},{"taxonomy":"product_cat","embeddable":true,"href":"https:\/\/waxgreen.com.br\/br\/wp-json\/wp\/v2\/product_cat?post=2877"},{"taxonomy":"product_tag","embeddable":true,"href":"https:\/\/waxgreen.com.br\/br\/wp-json\/wp\/v2\/product_tag?post=2877"}],"curies":[{"name":"wp","href":"https:\/\/api.w.org\/{rel}","templated":true}]}}