{"id":2882,"date":"2022-06-19T19:22:01","date_gmt":"2022-06-19T19:22:01","guid":{"rendered":"https:\/\/waxgreen.com.br\/br\/?post_type=product&#038;p=2882"},"modified":"2022-06-22T19:20:42","modified_gmt":"2022-06-22T19:20:42","slug":"mel-flores-silvestres-em-balde","status":"publish","type":"product","link":"https:\/\/waxgreen.com.br\/br\/produto\/mel-flores-silvestres-em-balde\/","title":{"rendered":"Mel Flores Silvestres em Balde"},"content":{"rendered":"<p><strong>Composi\u00e7\u00e3o:<\/strong> Mel Silvestre<br \/>\n<strong>N\u00ba do produto:<\/strong> N\u00ba44, N\u00ba54<br \/>\n<strong>Conte\u00fado:<\/strong> 5kg, 25kg<\/p>\n<h3>Caracter\u00edsticas:<\/h3>\n<p>O mel silvestre e\u0301multifloral, pode ter sabor, aroma e colorac\u0327a\u0303o variados. Este mel e\u0301 uma boa opc\u0327a\u0303o para ser consumido por atletas antes de atividades extenuantes, pois o mel libera carboidrato gradualmente mantendo o n\u00edvel energ\u00e9tico do atleta est\u00e1vel.<\/p>\n<p><strong>Uso sugerido:<\/strong> Para ado\u00e7ar ch\u00e1s, no p\u00e3o e para cozinhar<\/p>\n","protected":false},"excerpt":{"rendered":"<p>Composi\u00e7\u00e3o: Mel Silvestre N\u00ba do produto: N\u00ba44, N\u00ba54 Conte\u00fado: 5kg, 25kg Caracter\u00edsticas: O mel silvestre e\u0301multifloral, pode ter sabor, aroma e colorac\u0327a\u0303o variados. Este mel e\u0301 uma boa opc\u0327a\u0303o para ser consumido por atletas antes de atividades extenuantes, pois o mel libera carboidrato gradualmente mantendo o n\u00edvel energ\u00e9tico do atleta est\u00e1vel. Uso sugerido: Para ado\u00e7arContinue reading &rarr;<\/p>\n","protected":false},"featured_media":2881,"template":"","meta":[],"product_brand":[],"product_cat":[41],"product_tag":[],"class_list":{"0":"post-2882","1":"product","2":"type-product","3":"status-publish","4":"has-post-thumbnail","6":"product_cat-mel","7":"has-thumb","9":"first","10":"instock","11":"shipping-taxable","12":"product-type-external"},"_links":{"self":[{"href":"https:\/\/waxgreen.com.br\/br\/wp-json\/wp\/v2\/product\/2882","targetHints":{"allow":["GET"]}}],"collection":[{"href":"https:\/\/waxgreen.com.br\/br\/wp-json\/wp\/v2\/product"}],"about":[{"href":"https:\/\/waxgreen.com.br\/br\/wp-json\/wp\/v2\/types\/product"}],"wp:featuredmedia":[{"embeddable":true,"href":"https:\/\/waxgreen.com.br\/br\/wp-json\/wp\/v2\/media\/2881"}],"wp:attachment":[{"href":"https:\/\/waxgreen.com.br\/br\/wp-json\/wp\/v2\/media?parent=2882"}],"wp:term":[{"taxonomy":"product_brand","embeddable":true,"href":"https:\/\/waxgreen.com.br\/br\/wp-json\/wp\/v2\/product_brand?post=2882"},{"taxonomy":"product_cat","embeddable":true,"href":"https:\/\/waxgreen.com.br\/br\/wp-json\/wp\/v2\/product_cat?post=2882"},{"taxonomy":"product_tag","embeddable":true,"href":"https:\/\/waxgreen.com.br\/br\/wp-json\/wp\/v2\/product_tag?post=2882"}],"curies":[{"name":"wp","href":"https:\/\/api.w.org\/{rel}","templated":true}]}}